{"id":1241,"date":"2023-06-19T11:29:55","date_gmt":"2023-06-19T11:29:55","guid":{"rendered":"https:\/\/autopot-france.com\/jardin\/?page_id=1241"},"modified":"2023-10-24T13:33:11","modified_gmt":"2023-10-24T13:33:11","slug":"centre-de-ressources","status":"publish","type":"page","link":"https:\/\/autopot-france.com\/jardin\/centre-de-ressources\/","title":{"rendered":"Centre de ressources"},"content":{"rendered":"\t\t<div data-elementor-type=\"wp-page\" data-elementor-id=\"1241\" class=\"elementor elementor-1241\" data-elementor-post-type=\"page\">\n\t\t\t\t\t\t<section class=\"elementor-section elementor-top-section elementor-element elementor-element-8af52b4 elementor-section-boxed elementor-section-height-default elementor-section-height-default\" data-id=\"8af52b4\" data-element_type=\"section\" data-e-type=\"section\" data-settings=\"{&quot;background_background&quot;:&quot;classic&quot;}\">\n\t\t\t\t\t\t<div class=\"elementor-container elementor-column-gap-default\">\n\t\t\t\t\t<div class=\"elementor-column elementor-col-100 elementor-top-column elementor-element elementor-element-3d8cdab\" data-id=\"3d8cdab\" data-element_type=\"column\" data-e-type=\"column\">\n\t\t\t<div class=\"elementor-widget-wrap elementor-element-populated\">\n\t\t\t\t\t\t<div class=\"elementor-element elementor-element-e434a6a elementor-widget elementor-widget-heading\" data-id=\"e434a6a\" data-element_type=\"widget\" data-e-type=\"widget\" data-widget_type=\"heading.default\">\n\t\t\t\t<div class=\"elementor-widget-container\">\n\t\t\t\t\t<h1 class=\"elementor-heading-title elementor-size-default\">Centre de ressources<\/h1>\t\t\t\t<\/div>\n\t\t\t\t<\/div>\n\t\t\t\t<div class=\"elementor-element elementor-element-fb186e4 elementor-widget elementor-widget-text-editor\" data-id=\"fb186e4\" data-element_type=\"widget\" data-e-type=\"widget\" data-widget_type=\"text-editor.default\">\n\t\t\t\t<div class=\"elementor-widget-container\">\n\t\t\t\t\t\t\t\t\t<p>Bienvenue au centre de ressources AutoPot Garden.<br \/>Ici, nos revendeurs peuvent trouver des images, des graphiques et des copies t\u00e9l\u00e9chargeables pour illustrer et promouvoir les produits AutoPot via leur sortie imprim\u00e9e et num\u00e9rique.<\/p>\t\t\t\t\t\t\t\t<\/div>\n\t\t\t\t<\/div>\n\t\t\t\t\t<\/div>\n\t\t<\/div>\n\t\t\t\t\t<\/div>\n\t\t<\/section>\n\t\t\t\t<section class=\"elementor-section elementor-top-section elementor-element elementor-element-aae9a48 elementor-section-boxed elementor-section-height-default elementor-section-height-default\" data-id=\"aae9a48\" data-element_type=\"section\" data-e-type=\"section\">\n\t\t\t\t\t\t<div class=\"elementor-container elementor-column-gap-default\">\n\t\t\t\t\t<div class=\"elementor-column elementor-col-100 elementor-top-column elementor-element elementor-element-2571ad3\" data-id=\"2571ad3\" data-element_type=\"column\" data-e-type=\"column\">\n\t\t\t<div class=\"elementor-widget-wrap elementor-element-populated\">\n\t\t\t\t\t\t<div class=\"elementor-element elementor-element-eceec64 elementor-widget elementor-widget-ppwp\" data-id=\"eceec64\" data-element_type=\"widget\" data-e-type=\"widget\" data-widget_type=\"ppwp.default\">\n\t\t\t\t<div class=\"elementor-widget-container\">\n\t\t\t\t\t\t\t\t<div class=\"elementor-shortcode\"><div class=\"ppw-restricted-content ppw-pcp-container\" id=\"1241770\">\n\t<form method=\"post\" autocomplete=\"off\" action=\"https:\/\/autopot-france.com\/jardin\/centre-de-ressources\/?action=postpass&r=56\" target=\"_top\" class=\"post-password-form ppw-form ppw-pcp-password-form\" data-submit=\"1241\">\n\t\t<div class=\"ppw-headline ppw-pcp-pf-headline\"><\/div>\n\t\t<div class=\"ppw-description ppw-pcp-pf-desc\"><div class=\"ppw-headline ppw-pcp-pf-headline\"><p>Revendeurs AutoPot - veuillez saisir le mot de passe du centre de ressources<\/p><p>Besoin du mot de passe ? S'il vous pla\u00eet contactez  <a href=\"mailto:ma**@************ce.com\" data-original-string=\"G2Zi51fJtDDRXkwOsNLqFQ==a16w8PbMLz1slpS3M9szDd7Luwmk3Lvf9pc9or3KZKYtm8=\" title=\"This contact has been encoded by Anti-Spam by CleanTalk. Click to decode. To finish the decoding make sure that JavaScript is enabled in your browser.\"><span class=\"s1\"><span \n                data-original-string='FNGJLDFYyPDYiC8rdNf0ew==a16JYGzDtDBo3Foe1bsNw17XmAHg2pP7BCaH55uKJGZMBg='\n                class='apbct-email-encoder'\n                title='This contact has been encoded by Anti-Spam by CleanTalk. Click to decode. To finish the decoding make sure that JavaScript is enabled in your browser.'>ma<span class=\"apbct-blur\">**<\/span>@<span class=\"apbct-blur\">************<\/span>ce.com<\/span><\/span><\/a><\/p><\/div><\/div>\n\t\t\n\t\t<p class=\"ppw-input\">\n\t\t\t<input type=\"hidden\" value=\"0\" name=\"area\" \/>\n\t\t\t<label class=\"ppw-pcp-password-label\">Mot de passe: <input placeholder=\"\" type=\"password\" tabindex=\"1\" name=\"1241\" class=\"ppw-password-input ppw-pcp-pf-password-input\" autocomplete=\"new-password\">\n\t\t\t<\/label>\n\t\t\t<input class=\"ppw-page\" type=\"hidden\" value=\"1\" \/>\n\t\t\t\n\t\t\t\t\t\t<input name=\"submit\" type=\"submit\" data-loading=\"Loading...\" class=\"ppw-submit ppw-pcp-pf-submit-btn\" value=\"Enter\"\/>\n\t\t<\/p>\n\t\t\n\t\t<div class=\"ppw-pcp-pf-desc-below-form\"><\/div>\n\t\t\n\t\t<div class=\"ppw-error ppw-pcp-pf-error-msg\" style=\"color: #dc3232\">\n\t\t\t\n\t\t<\/div>\n\t<\/form>\n<\/div>\n<\/div>\n\t\t\t\t\t\t\t<\/div>\n\t\t\t\t<\/div>\n\t\t\t\t\t<\/div>\n\t\t<\/div>\n\t\t\t\t\t<\/div>\n\t\t<\/section>\n\t\t\t\t<\/div>\n\t\t","protected":false},"excerpt":{"rendered":"<p>Centre de ressources Bienvenue au centre de ressources AutoPot Garden.Ici, nos revendeurs peuvent trouver des images, des graphiques et des copies t\u00e9l\u00e9chargeables pour illustrer et promouvoir les produits AutoPot via leur sortie imprim\u00e9e et num\u00e9rique.<\/p>\n","protected":false},"author":2,"featured_media":0,"parent":0,"menu_order":0,"comment_status":"closed","ping_status":"closed","template":"","meta":{"_acf_changed":false,"footnotes":""},"class_list":["post-1241","page","type-page","status-publish","hentry"],"acf":[],"_links":{"self":[{"href":"https:\/\/autopot-france.com\/jardin\/wp-json\/wp\/v2\/pages\/1241","targetHints":{"allow":["GET"]}}],"collection":[{"href":"https:\/\/autopot-france.com\/jardin\/wp-json\/wp\/v2\/pages"}],"about":[{"href":"https:\/\/autopot-france.com\/jardin\/wp-json\/wp\/v2\/types\/page"}],"author":[{"embeddable":true,"href":"https:\/\/autopot-france.com\/jardin\/wp-json\/wp\/v2\/users\/2"}],"replies":[{"embeddable":true,"href":"https:\/\/autopot-france.com\/jardin\/wp-json\/wp\/v2\/comments?post=1241"}],"version-history":[{"count":5,"href":"https:\/\/autopot-france.com\/jardin\/wp-json\/wp\/v2\/pages\/1241\/revisions"}],"predecessor-version":[{"id":2483,"href":"https:\/\/autopot-france.com\/jardin\/wp-json\/wp\/v2\/pages\/1241\/revisions\/2483"}],"wp:attachment":[{"href":"https:\/\/autopot-france.com\/jardin\/wp-json\/wp\/v2\/media?parent=1241"}],"curies":[{"name":"wp","href":"https:\/\/api.w.org\/{rel}","templated":true}]}}