{"id":1292,"date":"2023-06-19T11:40:42","date_gmt":"2023-06-19T11:40:42","guid":{"rendered":"https:\/\/autopot-france.com\/jardin\/?page_id=1292"},"modified":"2023-10-24T13:45:21","modified_gmt":"2023-10-24T13:45:21","slug":"easy2grow-kit","status":"publish","type":"page","link":"https:\/\/autopot-france.com\/jardin\/centre-de-ressources\/easy2grow-kit\/","title":{"rendered":"easy2grow Kit"},"content":{"rendered":"\t\t<div data-elementor-type=\"wp-page\" data-elementor-id=\"1292\" class=\"elementor elementor-1292\" data-elementor-post-type=\"page\">\n\t\t\t\t\t\t<section class=\"elementor-section elementor-top-section elementor-element elementor-element-a311f9b elementor-section-boxed elementor-section-height-default elementor-section-height-default\" data-id=\"a311f9b\" data-element_type=\"section\" data-e-type=\"section\">\n\t\t\t\t\t\t<div class=\"elementor-container elementor-column-gap-default\">\n\t\t\t\t\t<div class=\"elementor-column elementor-col-100 elementor-top-column elementor-element elementor-element-9118a36\" data-id=\"9118a36\" data-element_type=\"column\" data-e-type=\"column\">\n\t\t\t<div class=\"elementor-widget-wrap elementor-element-populated\">\n\t\t\t\t\t\t<div class=\"elementor-element elementor-element-e3461da elementor-widget elementor-widget-image\" data-id=\"e3461da\" data-element_type=\"widget\" data-e-type=\"widget\" data-widget_type=\"image.default\">\n\t\t\t\t<div class=\"elementor-widget-container\">\n\t\t\t\t\t\t\t\t\t\t\t\t\t\t\t<img fetchpriority=\"high\" decoding=\"async\" width=\"750\" height=\"750\" src=\"https:\/\/autopot-france.com\/jardin\/wp-content\/uploads\/sites\/2\/2023\/06\/easy2grow_logo_simple_WEB.jpg\" class=\"attachment-large size-large wp-image-1311\" alt=\"\" srcset=\"https:\/\/autopot-france.com\/jardin\/wp-content\/uploads\/sites\/2\/2023\/06\/easy2grow_logo_simple_WEB.jpg 750w, https:\/\/autopot-france.com\/jardin\/wp-content\/uploads\/sites\/2\/2023\/06\/easy2grow_logo_simple_WEB-300x300.jpg 300w, https:\/\/autopot-france.com\/jardin\/wp-content\/uploads\/sites\/2\/2023\/06\/easy2grow_logo_simple_WEB-150x150.jpg 150w, https:\/\/autopot-france.com\/jardin\/wp-content\/uploads\/sites\/2\/2023\/06\/easy2grow_logo_simple_WEB-600x600.jpg 600w, https:\/\/autopot-france.com\/jardin\/wp-content\/uploads\/sites\/2\/2023\/06\/easy2grow_logo_simple_WEB-100x100.jpg 100w, https:\/\/autopot-france.com\/jardin\/wp-content\/uploads\/sites\/2\/2023\/06\/easy2grow_logo_simple_WEB-50x50.jpg 50w, https:\/\/autopot-france.com\/jardin\/wp-content\/uploads\/sites\/2\/2023\/06\/easy2grow_logo_simple_WEB-64x64.jpg 64w\" sizes=\"(max-width: 750px) 100vw, 750px\" \/>\t\t\t\t\t\t\t\t\t\t\t\t\t\t\t<\/div>\n\t\t\t\t<\/div>\n\t\t\t\t\t<\/div>\n\t\t<\/div>\n\t\t\t\t\t<\/div>\n\t\t<\/section>\n\t\t\t\t<section class=\"elementor-section elementor-top-section elementor-element elementor-element-47d399a elementor-section-boxed elementor-section-height-default elementor-section-height-default\" data-id=\"47d399a\" data-element_type=\"section\" data-e-type=\"section\">\n\t\t\t\t\t\t<div class=\"elementor-container elementor-column-gap-default\">\n\t\t\t\t\t<div class=\"elementor-column elementor-col-33 elementor-top-column elementor-element elementor-element-c86e836\" data-id=\"c86e836\" data-element_type=\"column\" data-e-type=\"column\">\n\t\t\t<div class=\"elementor-widget-wrap elementor-element-populated\">\n\t\t\t\t\t\t<div class=\"elementor-element elementor-element-1f4e532 elementor-widget elementor-widget-accordion\" data-id=\"1f4e532\" data-element_type=\"widget\" data-e-type=\"widget\" data-widget_type=\"accordion.default\">\n\t\t\t\t<div class=\"elementor-widget-container\">\n\t\t\t\t\t\t\t<div class=\"elementor-accordion\">\n\t\t\t\t\t\t\t<div class=\"elementor-accordion-item\">\n\t\t\t\t\t<div id=\"elementor-tab-title-3281\" class=\"elementor-tab-title\" data-tab=\"1\" role=\"button\" aria-controls=\"elementor-tab-content-3281\" aria-expanded=\"false\">\n\t\t\t\t\t\t\t\t\t\t\t\t\t<span class=\"elementor-accordion-icon elementor-accordion-icon-right\" aria-hidden=\"true\">\n\t\t\t\t\t\t\t\t\t\t\t\t\t\t\t<span class=\"elementor-accordion-icon-closed\"><i class=\"fas fa-chevron-down\"><\/i><\/span>\n\t\t\t\t\t\t\t\t<span class=\"elementor-accordion-icon-opened\"><i class=\"fas fa-chevron-up\"><\/i><\/span>\n\t\t\t\t\t\t\t\t\t\t\t\t\t\t<\/span>\n\t\t\t\t\t\t\t\t\t\t\t\t<a class=\"elementor-accordion-title\" tabindex=\"0\">Images<\/a>\n\t\t\t\t\t<\/div>\n\t\t\t\t\t<div id=\"elementor-tab-content-3281\" class=\"elementor-tab-content elementor-clearfix\" data-tab=\"1\" role=\"region\" aria-labelledby=\"elementor-tab-title-3281\"><p><a href=\"https:\/\/autopot-france.com\/jardin\/wp-content\/uploads\/sites\/2\/2023\/07\/easy2grow-Listing-Images.zip\">easy2grow Liste des images<\/a><\/p><p><a href=\"https:\/\/autopot-france.com\/jardin\/wp-content\/uploads\/sites\/2\/2023\/06\/easy2grow-Dimension-Icons.zip\" target=\"_blank\" rel=\"noopener\">easy2grow Ic\u00f4nes de dimensions<\/a><\/p><p class=\"p1\"><a href=\"https:\/\/autopot-france.com\/jardin\/wp-content\/uploads\/sites\/2\/2023\/09\/easy2grow-Situ-Images.zip\" target=\"_blank\" rel=\"noopener\">easy2grow Liste des images<\/a><\/p><\/div>\n\t\t\t\t<\/div>\n\t\t\t\t\t\t\t<div class=\"elementor-accordion-item\">\n\t\t\t\t\t<div id=\"elementor-tab-title-3282\" class=\"elementor-tab-title\" data-tab=\"2\" role=\"button\" aria-controls=\"elementor-tab-content-3282\" aria-expanded=\"false\">\n\t\t\t\t\t\t\t\t\t\t\t\t\t<span class=\"elementor-accordion-icon elementor-accordion-icon-right\" aria-hidden=\"true\">\n\t\t\t\t\t\t\t\t\t\t\t\t\t\t\t<span class=\"elementor-accordion-icon-closed\"><i class=\"fas fa-chevron-down\"><\/i><\/span>\n\t\t\t\t\t\t\t\t<span class=\"elementor-accordion-icon-opened\"><i class=\"fas fa-chevron-up\"><\/i><\/span>\n\t\t\t\t\t\t\t\t\t\t\t\t\t\t<\/span>\n\t\t\t\t\t\t\t\t\t\t\t\t<a class=\"elementor-accordion-title\" tabindex=\"0\">Instructions<\/a>\n\t\t\t\t\t<\/div>\n\t\t\t\t\t<div id=\"elementor-tab-content-3282\" class=\"elementor-tab-content elementor-clearfix\" data-tab=\"2\" role=\"region\" aria-labelledby=\"elementor-tab-title-3282\"><p>Veuillez cliquer sur le document PDF pour consulter ou t\u00e9l\u00e9charger\u00a0:<\/p><p><a href=\"https:\/\/autopot-france.com\/jardin\/wp-content\/uploads\/sites\/2\/2023\/06\/easy2grow_Kit_Instructions_UK_AQ5_PRINT.pdf\" target=\"_blank\" rel=\"noopener\">easy2grow Kit Instructions<\/a><\/p><p><a href=\"https:\/\/autopot-france.com\/jardin\/wp-content\/uploads\/sites\/2\/2023\/06\/easy2grow_Module_Instructions_UK_2020.pdf\" target=\"_blank\" rel=\"noopener\">easy2grow Module Instructions<\/a><\/p><\/div>\n\t\t\t\t<\/div>\n\t\t\t\t\t\t\t\t<\/div>\n\t\t\t\t\t\t<\/div>\n\t\t\t\t<\/div>\n\t\t\t\t\t<\/div>\n\t\t<\/div>\n\t\t\t\t<div class=\"elementor-column elementor-col-33 elementor-top-column elementor-element elementor-element-0fd661b\" data-id=\"0fd661b\" data-element_type=\"column\" data-e-type=\"column\">\n\t\t\t<div class=\"elementor-widget-wrap elementor-element-populated\">\n\t\t\t\t\t\t<div class=\"elementor-element elementor-element-ab2e557 elementor-widget elementor-widget-heading\" data-id=\"ab2e557\" data-element_type=\"widget\" data-e-type=\"widget\" data-widget_type=\"heading.default\">\n\t\t\t\t<div class=\"elementor-widget-container\">\n\t\t\t\t\t<h1 class=\"elementor-heading-title elementor-size-default\">Easy2Grow Kit<\/h1>\t\t\t\t<\/div>\n\t\t\t\t<\/div>\n\t\t\t\t<div class=\"elementor-element elementor-element-50a0bde elementor-widget elementor-widget-text-editor\" data-id=\"50a0bde\" data-element_type=\"widget\" data-e-type=\"widget\" data-widget_type=\"text-editor.default\">\n\t\t\t\t<div class=\"elementor-widget-container\">\n\t\t\t\t\t\t\t\t\t<p>Approuv\u00e9 par nos amis les plus proches, les producteurs amateurs estim\u00e9s et les champions nationaux, l&#8217;easy2grow, extensible \u00e0 l&#8217;infini, irrigue et nourrit sans \u00e9nergie pour produire des fruits, des l\u00e9gumes et des fleurs de qualit\u00e9 sup\u00e9rieure.<\/p><p>Comme tous les syst\u00e8mes d\u2019arrosage AutoPot, easy2grow est aliment\u00e9 par gravit\u00e9 et ne n\u00e9cessite aucune \u00e9lectricit\u00e9. Cela lui permet d&#8217;\u00eatre utilis\u00e9 facilement dans la serre, dans le jardin et sur les terrasses ou balcons.<\/p>\t\t\t\t\t\t\t\t<\/div>\n\t\t\t\t<\/div>\n\t\t\t\t<div class=\"elementor-element elementor-element-7c85a50 elementor-align-left elementor-widget elementor-widget-button\" data-id=\"7c85a50\" data-element_type=\"widget\" data-e-type=\"widget\" data-widget_type=\"button.default\">\n\t\t\t\t<div class=\"elementor-widget-container\">\n\t\t\t\t\t\t\t\t\t<div class=\"elementor-button-wrapper\">\n\t\t\t\t\t<a class=\"elementor-button elementor-button-link elementor-size-sm\" href=\"https:\/\/autopot-france.com\/jardin\/resource-centre\/\">\n\t\t\t\t\t\t<span class=\"elementor-button-content-wrapper\">\n\t\t\t\t\t\t<span class=\"elementor-button-icon\">\n\t\t\t\t<i aria-hidden=\"true\" class=\"icon icon-off-canvus-menu\"><\/i>\t\t\t<\/span>\n\t\t\t\t\t\t\t\t\t<span class=\"elementor-button-text\">RETOUR AU MENU PRINCIPAL DES RESSOURCES<\/span>\n\t\t\t\t\t<\/span>\n\t\t\t\t\t<\/a>\n\t\t\t\t<\/div>\n\t\t\t\t\t\t\t\t<\/div>\n\t\t\t\t<\/div>\n\t\t\t\t\t<\/div>\n\t\t<\/div>\n\t\t\t\t<div class=\"elementor-column elementor-col-33 elementor-top-column elementor-element elementor-element-f44d2bb\" data-id=\"f44d2bb\" data-element_type=\"column\" data-e-type=\"column\">\n\t\t\t<div class=\"elementor-widget-wrap elementor-element-populated\">\n\t\t\t\t\t\t<div class=\"elementor-element elementor-element-3aa3836 elementor-widget elementor-widget-image\" data-id=\"3aa3836\" data-element_type=\"widget\" data-e-type=\"widget\" data-widget_type=\"image.default\">\n\t\t\t\t<div class=\"elementor-widget-container\">\n\t\t\t\t\t\t\t\t\t\t\t\t\t\t\t<img decoding=\"async\" width=\"768\" height=\"1024\" src=\"https:\/\/autopot-france.com\/jardin\/wp-content\/uploads\/sites\/2\/2023\/06\/AP201_SQ_easy2grow_Kit_Garden_Centre_Box-768x1024.jpg\" class=\"attachment-large size-large wp-image-1363\" alt=\"\" srcset=\"https:\/\/autopot-france.com\/jardin\/wp-content\/uploads\/sites\/2\/2023\/06\/AP201_SQ_easy2grow_Kit_Garden_Centre_Box-768x1024.jpg 768w, https:\/\/autopot-france.com\/jardin\/wp-content\/uploads\/sites\/2\/2023\/06\/AP201_SQ_easy2grow_Kit_Garden_Centre_Box-225x300.jpg 225w, https:\/\/autopot-france.com\/jardin\/wp-content\/uploads\/sites\/2\/2023\/06\/AP201_SQ_easy2grow_Kit_Garden_Centre_Box-1152x1536.jpg 1152w, https:\/\/autopot-france.com\/jardin\/wp-content\/uploads\/sites\/2\/2023\/06\/AP201_SQ_easy2grow_Kit_Garden_Centre_Box-1536x2048.jpg 1536w, https:\/\/autopot-france.com\/jardin\/wp-content\/uploads\/sites\/2\/2023\/06\/AP201_SQ_easy2grow_Kit_Garden_Centre_Box-600x800.jpg 600w, https:\/\/autopot-france.com\/jardin\/wp-content\/uploads\/sites\/2\/2023\/06\/AP201_SQ_easy2grow_Kit_Garden_Centre_Box-64x85.jpg 64w, https:\/\/autopot-france.com\/jardin\/wp-content\/uploads\/sites\/2\/2023\/06\/AP201_SQ_easy2grow_Kit_Garden_Centre_Box-scaled.jpg 1920w\" sizes=\"(max-width: 768px) 100vw, 768px\" \/>\t\t\t\t\t\t\t\t\t\t\t\t\t\t\t<\/div>\n\t\t\t\t<\/div>\n\t\t\t\t\t<\/div>\n\t\t<\/div>\n\t\t\t\t\t<\/div>\n\t\t<\/section>\n\t\t\t\t<\/div>\n\t\t","protected":false},"excerpt":{"rendered":"<p>Images easy2grow Liste des images easy2grow Ic\u00f4nes de dimensions easy2grow Liste des images Instructions Veuillez cliquer sur le document PDF pour consulter ou t\u00e9l\u00e9charger\u00a0: easy2grow Kit Instructions easy2grow Module Instructions Easy2Grow Kit Approuv\u00e9 par nos amis les plus proches, les producteurs amateurs estim\u00e9s et les champions nationaux, l&#8217;easy2grow, extensible \u00e0 l&#8217;infini, irrigue et nourrit sans [&hellip;]<\/p>\n","protected":false},"author":2,"featured_media":0,"parent":1241,"menu_order":0,"comment_status":"closed","ping_status":"closed","template":"","meta":{"_acf_changed":false,"footnotes":""},"class_list":["post-1292","page","type-page","status-publish","hentry"],"acf":[],"_links":{"self":[{"href":"https:\/\/autopot-france.com\/jardin\/wp-json\/wp\/v2\/pages\/1292","targetHints":{"allow":["GET"]}}],"collection":[{"href":"https:\/\/autopot-france.com\/jardin\/wp-json\/wp\/v2\/pages"}],"about":[{"href":"https:\/\/autopot-france.com\/jardin\/wp-json\/wp\/v2\/types\/page"}],"author":[{"embeddable":true,"href":"https:\/\/autopot-france.com\/jardin\/wp-json\/wp\/v2\/users\/2"}],"replies":[{"embeddable":true,"href":"https:\/\/autopot-france.com\/jardin\/wp-json\/wp\/v2\/comments?post=1292"}],"version-history":[{"count":5,"href":"https:\/\/autopot-france.com\/jardin\/wp-json\/wp\/v2\/pages\/1292\/revisions"}],"predecessor-version":[{"id":2506,"href":"https:\/\/autopot-france.com\/jardin\/wp-json\/wp\/v2\/pages\/1292\/revisions\/2506"}],"up":[{"embeddable":true,"href":"https:\/\/autopot-france.com\/jardin\/wp-json\/wp\/v2\/pages\/1241"}],"wp:attachment":[{"href":"https:\/\/autopot-france.com\/jardin\/wp-json\/wp\/v2\/media?parent=1292"}],"curies":[{"name":"wp","href":"https:\/\/api.w.org\/{rel}","templated":true}]}}