{"id":1301,"date":"2023-06-19T11:42:35","date_gmt":"2023-06-19T11:42:35","guid":{"rendered":"https:\/\/autopot-france.com\/jardin\/?page_id=1301"},"modified":"2023-10-24T13:44:54","modified_gmt":"2023-10-24T13:44:54","slug":"aquabox-straight","status":"publish","type":"page","link":"https:\/\/autopot-france.com\/jardin\/centre-de-ressources\/aquabox-straight\/","title":{"rendered":"AQUAbox Straight"},"content":{"rendered":"\t\t<div data-elementor-type=\"wp-page\" data-elementor-id=\"1301\" class=\"elementor elementor-1301\" data-elementor-post-type=\"page\">\n\t\t\t\t\t\t<section class=\"elementor-section elementor-top-section elementor-element elementor-element-fc7e789 elementor-section-boxed elementor-section-height-default elementor-section-height-default\" data-id=\"fc7e789\" data-element_type=\"section\" data-e-type=\"section\">\n\t\t\t\t\t\t<div class=\"elementor-container elementor-column-gap-default\">\n\t\t\t\t\t<div class=\"elementor-column elementor-col-100 elementor-top-column elementor-element elementor-element-ee51d7f\" data-id=\"ee51d7f\" data-element_type=\"column\" data-e-type=\"column\">\n\t\t\t<div class=\"elementor-widget-wrap elementor-element-populated\">\n\t\t\t\t\t\t<div class=\"elementor-element elementor-element-a872d17 elementor-widget elementor-widget-image\" data-id=\"a872d17\" data-element_type=\"widget\" data-e-type=\"widget\" data-widget_type=\"image.default\">\n\t\t\t\t<div class=\"elementor-widget-container\">\n\t\t\t\t\t\t\t\t\t\t\t\t\t\t\t<img fetchpriority=\"high\" decoding=\"async\" width=\"750\" height=\"750\" src=\"https:\/\/autopot-france.com\/jardin\/wp-content\/uploads\/sites\/2\/2023\/06\/AQUAbox_straight_revised.jpg\" class=\"attachment-large size-large wp-image-1314\" alt=\"\" srcset=\"https:\/\/autopot-france.com\/jardin\/wp-content\/uploads\/sites\/2\/2023\/06\/AQUAbox_straight_revised.jpg 750w, https:\/\/autopot-france.com\/jardin\/wp-content\/uploads\/sites\/2\/2023\/06\/AQUAbox_straight_revised-300x300.jpg 300w, https:\/\/autopot-france.com\/jardin\/wp-content\/uploads\/sites\/2\/2023\/06\/AQUAbox_straight_revised-150x150.jpg 150w, https:\/\/autopot-france.com\/jardin\/wp-content\/uploads\/sites\/2\/2023\/06\/AQUAbox_straight_revised-600x600.jpg 600w, https:\/\/autopot-france.com\/jardin\/wp-content\/uploads\/sites\/2\/2023\/06\/AQUAbox_straight_revised-100x100.jpg 100w, https:\/\/autopot-france.com\/jardin\/wp-content\/uploads\/sites\/2\/2023\/06\/AQUAbox_straight_revised-50x50.jpg 50w, https:\/\/autopot-france.com\/jardin\/wp-content\/uploads\/sites\/2\/2023\/06\/AQUAbox_straight_revised-64x64.jpg 64w\" sizes=\"(max-width: 750px) 100vw, 750px\" \/>\t\t\t\t\t\t\t\t\t\t\t\t\t\t\t<\/div>\n\t\t\t\t<\/div>\n\t\t\t\t\t<\/div>\n\t\t<\/div>\n\t\t\t\t\t<\/div>\n\t\t<\/section>\n\t\t\t\t<section class=\"elementor-section elementor-top-section elementor-element elementor-element-7beae71 elementor-section-boxed elementor-section-height-default elementor-section-height-default\" data-id=\"7beae71\" data-element_type=\"section\" data-e-type=\"section\">\n\t\t\t\t\t\t<div class=\"elementor-container elementor-column-gap-default\">\n\t\t\t\t\t<div class=\"elementor-column elementor-col-33 elementor-top-column elementor-element elementor-element-d725858\" data-id=\"d725858\" data-element_type=\"column\" data-e-type=\"column\">\n\t\t\t<div class=\"elementor-widget-wrap elementor-element-populated\">\n\t\t\t\t\t\t<div class=\"elementor-element elementor-element-38daf72 elementor-widget elementor-widget-accordion\" data-id=\"38daf72\" data-element_type=\"widget\" data-e-type=\"widget\" data-widget_type=\"accordion.default\">\n\t\t\t\t<div class=\"elementor-widget-container\">\n\t\t\t\t\t\t\t<div class=\"elementor-accordion\">\n\t\t\t\t\t\t\t<div class=\"elementor-accordion-item\">\n\t\t\t\t\t<div id=\"elementor-tab-title-5961\" class=\"elementor-tab-title\" data-tab=\"1\" role=\"button\" aria-controls=\"elementor-tab-content-5961\" aria-expanded=\"false\">\n\t\t\t\t\t\t\t\t\t\t\t\t\t<span class=\"elementor-accordion-icon elementor-accordion-icon-right\" aria-hidden=\"true\">\n\t\t\t\t\t\t\t\t\t\t\t\t\t\t\t<span class=\"elementor-accordion-icon-closed\"><i class=\"fas fa-chevron-down\"><\/i><\/span>\n\t\t\t\t\t\t\t\t<span class=\"elementor-accordion-icon-opened\"><i class=\"fas fa-chevron-up\"><\/i><\/span>\n\t\t\t\t\t\t\t\t\t\t\t\t\t\t<\/span>\n\t\t\t\t\t\t\t\t\t\t\t\t<a class=\"elementor-accordion-title\" tabindex=\"0\">Images<\/a>\n\t\t\t\t\t<\/div>\n\t\t\t\t\t<div id=\"elementor-tab-content-5961\" class=\"elementor-tab-content elementor-clearfix\" data-tab=\"1\" role=\"region\" aria-labelledby=\"elementor-tab-title-5961\"><p><a href=\"https:\/\/autopot-france.com\/jardin\/wp-content\/uploads\/sites\/2\/2023\/06\/AQUAbox-Straight-Images.zip\" target=\"_blank\" rel=\"noopener\">AQUAbox Straight Liste des images<\/a><\/p><\/div>\n\t\t\t\t<\/div>\n\t\t\t\t\t\t\t<div class=\"elementor-accordion-item\">\n\t\t\t\t\t<div id=\"elementor-tab-title-5962\" class=\"elementor-tab-title\" data-tab=\"2\" role=\"button\" aria-controls=\"elementor-tab-content-5962\" aria-expanded=\"false\">\n\t\t\t\t\t\t\t\t\t\t\t\t\t<span class=\"elementor-accordion-icon elementor-accordion-icon-right\" aria-hidden=\"true\">\n\t\t\t\t\t\t\t\t\t\t\t\t\t\t\t<span class=\"elementor-accordion-icon-closed\"><i class=\"fas fa-chevron-down\"><\/i><\/span>\n\t\t\t\t\t\t\t\t<span class=\"elementor-accordion-icon-opened\"><i class=\"fas fa-chevron-up\"><\/i><\/span>\n\t\t\t\t\t\t\t\t\t\t\t\t\t\t<\/span>\n\t\t\t\t\t\t\t\t\t\t\t\t<a class=\"elementor-accordion-title\" tabindex=\"0\">Instructions<\/a>\n\t\t\t\t\t<\/div>\n\t\t\t\t\t<div id=\"elementor-tab-content-5962\" class=\"elementor-tab-content elementor-clearfix\" data-tab=\"2\" role=\"region\" aria-labelledby=\"elementor-tab-title-5962\"><p>Veuillez cliquer sur le document PDF pour consulter ou t\u00e9l\u00e9charger\u00a0:<\/p><p><a href=\"https:\/\/autopot-france.com\/jardin\/wp-content\/uploads\/sites\/2\/2023\/06\/AQUAbox-Straight-Instructions-UK-AQUAvalve5.pdf\">AQUAbox Straight Instructions<\/a><\/p><\/div>\n\t\t\t\t<\/div>\n\t\t\t\t\t\t\t\t<\/div>\n\t\t\t\t\t\t<\/div>\n\t\t\t\t<\/div>\n\t\t\t\t\t<\/div>\n\t\t<\/div>\n\t\t\t\t<div class=\"elementor-column elementor-col-33 elementor-top-column elementor-element elementor-element-678a071\" data-id=\"678a071\" data-element_type=\"column\" data-e-type=\"column\">\n\t\t\t<div class=\"elementor-widget-wrap elementor-element-populated\">\n\t\t\t\t\t\t<div class=\"elementor-element elementor-element-1242bc9 elementor-widget elementor-widget-heading\" data-id=\"1242bc9\" data-element_type=\"widget\" data-e-type=\"widget\" data-widget_type=\"heading.default\">\n\t\t\t\t<div class=\"elementor-widget-container\">\n\t\t\t\t\t<h1 class=\"elementor-heading-title elementor-size-default\">AQUAbox Straight<\/h1>\t\t\t\t<\/div>\n\t\t\t\t<\/div>\n\t\t\t\t<div class=\"elementor-element elementor-element-e23ded2 elementor-widget elementor-widget-text-editor\" data-id=\"e23ded2\" data-element_type=\"widget\" data-e-type=\"widget\" data-widget_type=\"text-editor.default\">\n\t\t\t\t<div class=\"elementor-widget-container\">\n\t\t\t\t\t\t\t\t\t<p>Parfait pour les plates-bandes sur\u00e9lev\u00e9es \u00e9troites, les jardini\u00e8res et les parcelles familiales, l&#8217;AQUAbox Straight est plac\u00e9 directement dans le sol et distribue l&#8217;eau et les nutriments au sol environnant \u00e0 l&#8217;aide d&#8217;un tapis capillaire enterr\u00e9.<\/p><p>Comme elle ne n\u00e9cessite ni \u00e9lectricit\u00e9, ni pompes, ni minuteries, ni eau courante, AQUAbox est totalement simple \u00e0 installer et \u00e0 faire fonctionner. Le Straight garantit que vos plantes sont arros\u00e9es sans \u00e9lectricit\u00e9 pendant des jours ou des semaines, ce qui en fait la solution d&#8217;irrigation id\u00e9ale \u00e0 faible entretien pour les week-ends, les vacances ou l&#8217;arrosage toute l&#8217;ann\u00e9e.<\/p>\t\t\t\t\t\t\t\t<\/div>\n\t\t\t\t<\/div>\n\t\t\t\t<div class=\"elementor-element elementor-element-0a12f7f elementor-align-left elementor-widget elementor-widget-button\" data-id=\"0a12f7f\" data-element_type=\"widget\" data-e-type=\"widget\" data-widget_type=\"button.default\">\n\t\t\t\t<div class=\"elementor-widget-container\">\n\t\t\t\t\t\t\t\t\t<div class=\"elementor-button-wrapper\">\n\t\t\t\t\t<a class=\"elementor-button elementor-button-link elementor-size-sm\" href=\"https:\/\/autopot-france.com\/jardin\/resource-centre\/\">\n\t\t\t\t\t\t<span class=\"elementor-button-content-wrapper\">\n\t\t\t\t\t\t<span class=\"elementor-button-icon\">\n\t\t\t\t<i aria-hidden=\"true\" class=\"icon icon-off-canvus-menu\"><\/i>\t\t\t<\/span>\n\t\t\t\t\t\t\t\t\t<span class=\"elementor-button-text\">RETOUR AU MENU PRINCIPAL DES RESSOURCES<\/span>\n\t\t\t\t\t<\/span>\n\t\t\t\t\t<\/a>\n\t\t\t\t<\/div>\n\t\t\t\t\t\t\t\t<\/div>\n\t\t\t\t<\/div>\n\t\t\t\t\t<\/div>\n\t\t<\/div>\n\t\t\t\t<div class=\"elementor-column elementor-col-33 elementor-top-column elementor-element elementor-element-31c971b\" data-id=\"31c971b\" data-element_type=\"column\" data-e-type=\"column\">\n\t\t\t<div class=\"elementor-widget-wrap elementor-element-populated\">\n\t\t\t\t\t\t<div class=\"elementor-element elementor-element-bb529d0 elementor-widget elementor-widget-image\" data-id=\"bb529d0\" data-element_type=\"widget\" data-e-type=\"widget\" data-widget_type=\"image.default\">\n\t\t\t\t<div class=\"elementor-widget-container\">\n\t\t\t\t\t\t\t\t\t\t\t\t\t\t\t<img decoding=\"async\" width=\"750\" height=\"750\" src=\"https:\/\/autopot-france.com\/jardin\/wp-content\/uploads\/sites\/2\/2023\/06\/AQUABOX1_AQUAbox_Straight_AQUAvalve5_16_9mm_Click_Fit_WEB-1.jpg\" class=\"attachment-large size-large wp-image-1346\" alt=\"\" srcset=\"https:\/\/autopot-france.com\/jardin\/wp-content\/uploads\/sites\/2\/2023\/06\/AQUABOX1_AQUAbox_Straight_AQUAvalve5_16_9mm_Click_Fit_WEB-1.jpg 750w, https:\/\/autopot-france.com\/jardin\/wp-content\/uploads\/sites\/2\/2023\/06\/AQUABOX1_AQUAbox_Straight_AQUAvalve5_16_9mm_Click_Fit_WEB-1-300x300.jpg 300w, https:\/\/autopot-france.com\/jardin\/wp-content\/uploads\/sites\/2\/2023\/06\/AQUABOX1_AQUAbox_Straight_AQUAvalve5_16_9mm_Click_Fit_WEB-1-150x150.jpg 150w, https:\/\/autopot-france.com\/jardin\/wp-content\/uploads\/sites\/2\/2023\/06\/AQUABOX1_AQUAbox_Straight_AQUAvalve5_16_9mm_Click_Fit_WEB-1-600x600.jpg 600w, https:\/\/autopot-france.com\/jardin\/wp-content\/uploads\/sites\/2\/2023\/06\/AQUABOX1_AQUAbox_Straight_AQUAvalve5_16_9mm_Click_Fit_WEB-1-100x100.jpg 100w, https:\/\/autopot-france.com\/jardin\/wp-content\/uploads\/sites\/2\/2023\/06\/AQUABOX1_AQUAbox_Straight_AQUAvalve5_16_9mm_Click_Fit_WEB-1-50x50.jpg 50w, https:\/\/autopot-france.com\/jardin\/wp-content\/uploads\/sites\/2\/2023\/06\/AQUABOX1_AQUAbox_Straight_AQUAvalve5_16_9mm_Click_Fit_WEB-1-64x64.jpg 64w\" sizes=\"(max-width: 750px) 100vw, 750px\" \/>\t\t\t\t\t\t\t\t\t\t\t\t\t\t\t<\/div>\n\t\t\t\t<\/div>\n\t\t\t\t\t<\/div>\n\t\t<\/div>\n\t\t\t\t\t<\/div>\n\t\t<\/section>\n\t\t\t\t<\/div>\n\t\t","protected":false},"excerpt":{"rendered":"<p>Images AQUAbox Straight Liste des images Instructions Veuillez cliquer sur le document PDF pour consulter ou t\u00e9l\u00e9charger\u00a0: AQUAbox Straight Instructions AQUAbox Straight Parfait pour les plates-bandes sur\u00e9lev\u00e9es \u00e9troites, les jardini\u00e8res et les parcelles familiales, l&#8217;AQUAbox Straight est plac\u00e9 directement dans le sol et distribue l&#8217;eau et les nutriments au sol environnant \u00e0 l&#8217;aide d&#8217;un tapis [&hellip;]<\/p>\n","protected":false},"author":2,"featured_media":0,"parent":1241,"menu_order":0,"comment_status":"closed","ping_status":"closed","template":"","meta":{"_acf_changed":false,"footnotes":""},"class_list":["post-1301","page","type-page","status-publish","hentry"],"acf":[],"_links":{"self":[{"href":"https:\/\/autopot-france.com\/jardin\/wp-json\/wp\/v2\/pages\/1301","targetHints":{"allow":["GET"]}}],"collection":[{"href":"https:\/\/autopot-france.com\/jardin\/wp-json\/wp\/v2\/pages"}],"about":[{"href":"https:\/\/autopot-france.com\/jardin\/wp-json\/wp\/v2\/types\/page"}],"author":[{"embeddable":true,"href":"https:\/\/autopot-france.com\/jardin\/wp-json\/wp\/v2\/users\/2"}],"replies":[{"embeddable":true,"href":"https:\/\/autopot-france.com\/jardin\/wp-json\/wp\/v2\/comments?post=1301"}],"version-history":[{"count":5,"href":"https:\/\/autopot-france.com\/jardin\/wp-json\/wp\/v2\/pages\/1301\/revisions"}],"predecessor-version":[{"id":2500,"href":"https:\/\/autopot-france.com\/jardin\/wp-json\/wp\/v2\/pages\/1301\/revisions\/2500"}],"up":[{"embeddable":true,"href":"https:\/\/autopot-france.com\/jardin\/wp-json\/wp\/v2\/pages\/1241"}],"wp:attachment":[{"href":"https:\/\/autopot-france.com\/jardin\/wp-json\/wp\/v2\/media?parent=1301"}],"curies":[{"name":"wp","href":"https:\/\/api.w.org\/{rel}","templated":true}]}}