{"id":17,"date":"2023-06-01T15:32:18","date_gmt":"2023-06-01T15:32:18","guid":{"rendered":"https:\/\/autopot-france.com\/jardin\/?post_type=product&#038;p=17"},"modified":"2023-10-24T12:54:59","modified_gmt":"2023-10-24T12:54:59","slug":"aquabox-straight","status":"publish","type":"product","link":"https:\/\/autopot-france.com\/jardin\/product\/aquabox-straight\/","title":{"rendered":"AQUAbox Straight"},"content":{"rendered":"<figure class=\"wp-block-embed wp-block-embed-youtube is-type-video is-provider-youtube epyt-figure\"><div class=\"wp-block-embed__wrapper\"><div class=\"epyt-video-wrapper\"><iframe  id=\"_ytid_59549\"  width=\"980\" height=\"551\"  data-origwidth=\"980\" data-origheight=\"551\" src=\"https:\/\/www.youtube.com\/embed\/89CPHbgQ2L4?enablejsapi=1&autoplay=0&cc_load_policy=0&cc_lang_pref=&iv_load_policy=1&loop=0&rel=1&fs=1&playsinline=0&autohide=2&theme=dark&color=red&controls=1&disablekb=0&\" class=\"__youtube_prefs__  no-lazyload\" title=\"YouTube player\"  allow=\"fullscreen; accelerometer; autoplay; clipboard-write; encrypted-media; gyroscope; picture-in-picture; web-share\" referrerpolicy=\"strict-origin-when-cross-origin\" allowfullscreen data-no-lazy=\"1\" data-skipgform_ajax_framebjll=\"\"><\/iframe><\/div><\/div><\/figure>\n<p>Parfait pour les plates-bandes sur\u00e9lev\u00e9es \u00e9troites, les jardini\u00e8res et les parcelles familiales, l&#8217;AQUAbox Straight est plac\u00e9e directement dans le sol et distribue l&#8217;eau et les nutriments au sol environnant \u00e0 l&#8217;aide d&#8217;un tapis capillaire enterr\u00e9.<\/p>\n<p>Comme elle ne n\u00e9cessite ni \u00e9lectricit\u00e9, ni pompes, ni minuteries, ni eau courante, AQUAbox est totalement simple \u00e0 installer et \u00e0 faire fonctionner. Le Straight garantit que vos plantes sont arros\u00e9es sans \u00e9lectricit\u00e9 pendant des jours ou des semaines, ce qui en fait la solution d&#8217;irrigation id\u00e9ale \u00e0 faible entretien pour les week-ends, les vacances ou l&#8217;arrosage toute l&#8217;ann\u00e9e.<\/p>\n<p>Une connexion \u00e0 un r\u00e9servoir suffit. L&#8217;eau de votre r\u00e9servoir est simplement amen\u00e9e par gravit\u00e9 \u00e0 l&#8217;AQUAbox. \u00c0 l\u2019int\u00e9rieur de l\u2019AQUAbox se trouve l\u2019AQUAvalve, notre dispositif brevet\u00e9 de contr\u00f4le de l\u2019eau \u00e0 double flotteur. L&#8217;AQUAvalve dose l&#8217;eau vers le tapis capillaire en fonction des besoins.<\/p>\n<p>Comme le tapis capillaire est enfoui sous le sol et nourrit directement les racines des plantes, moins d&#8217;eau s&#8217;\u00e9vapore avant d&#8217;atteindre les plantes, ce qui fait d&#8217;AQUAbox un moyen d&#8217;irrigation incroyablement efficace.<\/p>\n<p class=\"p1\">AQUAbox Straight peut \u00eatre install\u00e9 avec une seule bande de tapis capillaire allant dans une seule direction. Alternativement, la bande peut \u00eatre coup\u00e9e en deux, chaque bande \u00e9tant plac\u00e9e de chaque c\u00f4t\u00e9 de l&#8217;AQUAbox, de sorte qu&#8217;elles s&#8217;\u00e9tendent dans des directions oppos\u00e9es. AQUAbox Straight irriguera une zone jusqu&#8217;\u00e0 1,2 m de longueur.<\/p>\n<h3 class=\"p1\" style=\"text-align: center;\"><strong>Ressources directes AQUAbox<\/strong><\/h3>\n<p style=\"text-align: center;\"><a href=\"https:\/\/autopot-france.com\/wp-content\/uploads\/sites\/3\/2023\/03\/AQUAbox_Straight_Instructions_UK_AQUAvalve5.pdf\" target=\"_blank\" rel=\"noopener\">T\u00e9l\u00e9charger les instructions directes d&#8217;AQUAbox<\/a><\/p>\n<p>&nbsp;<\/p>\n","protected":false},"excerpt":{"rendered":"<p>1x corps droit AQUAbox<\/p>\n<p>1x AQUAvalve5<\/p>\n<p>1x niveau \u00e0 bulle circulaire<\/p>\n<p>1x adaptateur Click-Fit 16 mm-9 mm et amp; Filtre<\/p>\n<p>1 \u0153illet haut de forme de 9 mm.<\/p>\n<p>1x tapis capillaire droit AQUAbox<\/p>\n<p>2\u00a0m de tuyau de 9\u00a0mm<\/p>\n<p>1x instructions compl\u00e8tes<\/p>\n<p>Irrigue une zone jusqu&#8217;\u00e0 1,2 m de longueur<\/p>\n<p><strong><a href=\"https:\/\/www.youtube.com\/watch?v=89CPHbgQ2L4\" target=\"_blank\" rel=\"noopener\">REGARDER LA VID\u00c9O DE CONFIGURATION<\/a><\/strong><\/p>\n","protected":false},"featured_media":1475,"comment_status":"open","ping_status":"closed","template":"","meta":{"_acf_changed":false},"product_brand":[],"product_cat":[66],"product_tag":[],"class_list":{"0":"post-17","1":"product","2":"type-product","3":"status-publish","4":"has-post-thumbnail","6":"product_cat-plates-bandes-surelevees-et-jardinieres","8":"first","9":"instock","10":"downloadable","11":"taxable","12":"shipping-taxable","13":"purchasable","14":"product-type-simple"},"acf":[],"_links":{"self":[{"href":"https:\/\/autopot-france.com\/jardin\/wp-json\/wp\/v2\/product\/17","targetHints":{"allow":["GET"]}}],"collection":[{"href":"https:\/\/autopot-france.com\/jardin\/wp-json\/wp\/v2\/product"}],"about":[{"href":"https:\/\/autopot-france.com\/jardin\/wp-json\/wp\/v2\/types\/product"}],"replies":[{"embeddable":true,"href":"https:\/\/autopot-france.com\/jardin\/wp-json\/wp\/v2\/comments?post=17"}],"wp:featuredmedia":[{"embeddable":true,"href":"https:\/\/autopot-france.com\/jardin\/wp-json\/wp\/v2\/media\/1475"}],"wp:attachment":[{"href":"https:\/\/autopot-france.com\/jardin\/wp-json\/wp\/v2\/media?parent=17"}],"wp:term":[{"taxonomy":"product_brand","embeddable":true,"href":"https:\/\/autopot-france.com\/jardin\/wp-json\/wp\/v2\/product_brand?post=17"},{"taxonomy":"product_cat","embeddable":true,"href":"https:\/\/autopot-france.com\/jardin\/wp-json\/wp\/v2\/product_cat?post=17"},{"taxonomy":"product_tag","embeddable":true,"href":"https:\/\/autopot-france.com\/jardin\/wp-json\/wp\/v2\/product_tag?post=17"}],"curies":[{"name":"wp","href":"https:\/\/api.w.org\/{rel}","templated":true}]}}