{"id":23,"date":"2023-06-01T15:32:19","date_gmt":"2023-06-01T15:32:19","guid":{"rendered":"https:\/\/autopot-france.com\/jardin\/?post_type=product&#038;p=23"},"modified":"2023-10-24T12:55:03","modified_gmt":"2023-10-24T12:55:03","slug":"easy2grow-extension-kit","status":"publish","type":"product","link":"https:\/\/autopot-france.com\/jardin\/product\/easy2grow-extension-kit\/","title":{"rendered":"easy2grow Extension Kit"},"content":{"rendered":"<p>https:\/\/www.youtube.com\/watch?v=ZV2zsL43eaw[\/embed]<\/p>\n<p>&nbsp;<\/p>\n<p>\u00c9tendez votre kit easy2grow en quelques minutes avec le kit d&#8217;extension easy2grow. Ce module compl\u00e9mentaire facile \u00e0 utiliser comprend tous les accessoires n\u00e9cessaires pour cr\u00e9er un am\u00e9nagement personnalis\u00e9 parfaitement adapt\u00e9 \u00e0 votre espace de culture.<\/p>\n<p>Fabriqu\u00e9s \u00e0 100% au Royaume-Uni \u00e0 partir de plastiques recycl\u00e9s, le pot, le plateau, l&#8217;AQUAvalve, le tuyau et les raccords fournis avec ce pack sont imm\u00e9diatement compatibles avec ceux trouv\u00e9s dans le <a href=\"https:\/\/autopot-france.com\/jardin\/product \/easy2grow-kit\/\">Kit easy2grow<\/a>.<\/p>\n<p>Vous pouvez utiliser les extensions easy2grow pour \u00e9tendre votre kit easy2grow (1 plateau, 2 pots) en un kit easy2grow 6 (3 plateaux, 6 pots).<\/p>\n<p class=\"p1\">Au-del\u00e0 d&#8217;easy2grow 6, vous pouvez continuer \u00e0 ajouter des extensions suppl\u00e9mentaires pour cr\u00e9er des syst\u00e8mes de taille potentiellement infinie, cependant, nous vous recommandons de mettre \u00e0 niveau le r\u00e9servoir de 47 L fourni avec votre kit easy2grow pour ce faire. <\/p>\n<div class=\"sheet_downloads_wrp\">\n<h3 class=\"p1\" style=\"text-align: center;\"><strong>Ressources du kit d&#8217;extension easy2grow<\/strong><\/h3>\n<\/div>\n<p style=\"text-align: center;\"><a href=\"https:\/\/autopot-france.com\/wp-content\/uploads\/sites\/3\/2020\/11\/easy2grow_Module_Instructions_UK_2020.pdf\" target=\"_blank\" rel=\"noopener\">T\u00e9l\u00e9charger les instructions du kit d&#8217;extension easy2grow<\/a><\/p>\n","protected":false},"excerpt":{"rendered":"<p><strong>Le kit d&#8217;extension easy2grow comprend\u00a0:<\/strong><\/p>\n<p>1x plateau et couvercle easy2grow<\/p>\n<p>2\u00a0pots de 8,5\u00a0litres\u00a0(mise \u00e0 niveau facultative vers des pots de 15\u00a0litres)<\/p>\n<p>1x AQUAvalve5<\/p>\n<p>2x PotSock Carr\u00e9<\/p>\n<p>2x disque marix<\/p>\n<p>1x 1 m\u00e8tre de tuyau de 9 mm<\/p>\n<p>1x connecteur en T de 9\u00a0mm<\/p>\n<p>1 connecteur en T de 16 \u00e0 9\u00a0mm<\/p>\n<p>1x connecteur crois\u00e9 16-9mm<\/p>\n<p><a href=\"https:\/\/www.youtube.com\/watch?v=ZV2zsL43eaw\" target=\"_blank\" rel=\"noopener\">REGARDER LA VID\u00c9O DE CONFIGURATION<\/a><\/p>\n","protected":false},"featured_media":2277,"comment_status":"closed","ping_status":"closed","template":"","meta":{"_acf_changed":false},"product_brand":[],"product_cat":[82,65],"product_tag":[],"class_list":{"0":"post-23","1":"product","2":"type-product","3":"status-publish","4":"has-post-thumbnail","6":"product_cat-accessoires-et-pieces-de-rechange-easy2grow","7":"product_cat-serre-et-terrasse","9":"first","10":"instock","11":"taxable","12":"shipping-taxable","13":"purchasable","14":"product-type-simple"},"acf":[],"_links":{"self":[{"href":"https:\/\/autopot-france.com\/jardin\/wp-json\/wp\/v2\/product\/23","targetHints":{"allow":["GET"]}}],"collection":[{"href":"https:\/\/autopot-france.com\/jardin\/wp-json\/wp\/v2\/product"}],"about":[{"href":"https:\/\/autopot-france.com\/jardin\/wp-json\/wp\/v2\/types\/product"}],"replies":[{"embeddable":true,"href":"https:\/\/autopot-france.com\/jardin\/wp-json\/wp\/v2\/comments?post=23"}],"wp:featuredmedia":[{"embeddable":true,"href":"https:\/\/autopot-france.com\/jardin\/wp-json\/wp\/v2\/media\/2277"}],"wp:attachment":[{"href":"https:\/\/autopot-france.com\/jardin\/wp-json\/wp\/v2\/media?parent=23"}],"wp:term":[{"taxonomy":"product_brand","embeddable":true,"href":"https:\/\/autopot-france.com\/jardin\/wp-json\/wp\/v2\/product_brand?post=23"},{"taxonomy":"product_cat","embeddable":true,"href":"https:\/\/autopot-france.com\/jardin\/wp-json\/wp\/v2\/product_cat?post=23"},{"taxonomy":"product_tag","embeddable":true,"href":"https:\/\/autopot-france.com\/jardin\/wp-json\/wp\/v2\/product_tag?post=23"}],"curies":[{"name":"wp","href":"https:\/\/api.w.org\/{rel}","templated":true}]}}