{"id":42892,"date":"2020-11-24T14:39:42","date_gmt":"2020-11-24T14:39:42","guid":{"rendered":"https:\/\/autopot-france.com\/specialiste\/my-lists\/create-a-list\/"},"modified":"2023-10-24T19:33:23","modified_gmt":"2023-10-24T19:33:23","slug":"creer-une-liste","status":"publish","type":"page","link":"https:\/\/autopot-france.com\/specialiste\/mes-listes\/creer-une-liste\/","title":{"rendered":"Cr\u00e9er une liste"},"content":{"rendered":"\t\t<div data-elementor-type=\"wp-page\" data-elementor-id=\"42892\" class=\"elementor elementor-42892\" data-elementor-post-type=\"page\">\n\t\t\t\t\t\t<section class=\"elementor-section elementor-top-section elementor-element elementor-element-0bc5672 elementor-section-boxed elementor-section-height-default elementor-section-height-default\" data-id=\"0bc5672\" data-element_type=\"section\" data-e-type=\"section\" data-settings=\"{&quot;background_background&quot;:&quot;classic&quot;}\">\n\t\t\t\t\t\t<div class=\"elementor-container elementor-column-gap-default\">\n\t\t\t\t\t<div class=\"elementor-column elementor-col-100 elementor-top-column elementor-element elementor-element-aec9f50\" data-id=\"aec9f50\" data-element_type=\"column\" data-e-type=\"column\">\n\t\t\t<div class=\"elementor-widget-wrap elementor-element-populated\">\n\t\t\t\t\t\t<div class=\"elementor-element elementor-element-3b30c5f elementor-widget elementor-widget-heading\" data-id=\"3b30c5f\" data-element_type=\"widget\" data-e-type=\"widget\" data-widget_type=\"heading.default\">\n\t\t\t\t<div class=\"elementor-widget-container\">\n\t\t\t\t\t<h1 class=\"elementor-heading-title elementor-size-default\">Cr\u00e9er une liste<\/h1>\t\t\t\t<\/div>\n\t\t\t\t<\/div>\n\t\t\t\t<div class=\"elementor-element elementor-element-0bcf70b elementor-widget elementor-widget-text-editor\" data-id=\"0bcf70b\" data-element_type=\"widget\" data-e-type=\"widget\" data-widget_type=\"text-editor.default\">\n\t\t\t\t<div class=\"elementor-widget-container\">\n\t\t\t\t\t\t\t\t\t<p>Cr\u00e9ons votre liste de souhaits!<\/p>\t\t\t\t\t\t\t\t<\/div>\n\t\t\t\t<\/div>\n\t\t\t\t\t<\/div>\n\t\t<\/div>\n\t\t\t\t\t<\/div>\n\t\t<\/section>\n\t\t\t\t<section class=\"elementor-section elementor-top-section elementor-element elementor-element-74572624 elementor-section-boxed elementor-section-height-default elementor-section-height-default\" data-id=\"74572624\" data-element_type=\"section\" data-e-type=\"section\">\n\t\t\t\t\t\t<div class=\"elementor-container elementor-column-gap-default\">\n\t\t\t\t\t<div class=\"elementor-column elementor-col-100 elementor-top-column elementor-element elementor-element-3910f74b\" data-id=\"3910f74b\" data-element_type=\"column\" data-e-type=\"column\">\n\t\t\t<div class=\"elementor-widget-wrap elementor-element-populated\">\n\t\t\t\t\t\t<div class=\"elementor-element elementor-element-579f3fff elementor-widget elementor-widget-shortcode\" data-id=\"579f3fff\" data-element_type=\"widget\" data-e-type=\"widget\" data-widget_type=\"shortcode.default\">\n\t\t\t\t<div class=\"elementor-widget-container\">\n\t\t\t\t\t\t\t<div class=\"elementor-shortcode\">\n    <div id=\"wl-wrapper\" class=\"woocommerce\">\n\t\t\t\t\t\t\t\t\t\t\t            <div class=\"wl-form\">\n                <form action=\"\" enctype=\"multipart\/form-data\" method=\"post\">\n                    <input type=\"hidden\" name=\"wl_return_to\" value=\"\"\/>\n                    <input type=\"hidden\" name=\"wlaction\" value=\"create-list\" \/>\n\t\t\t\t\t<input type=\"hidden\" id=\"_n\" name=\"_n\" value=\"bf723de72b\" \/><input type=\"hidden\" name=\"_wp_http_referer\" value=\"\/specialiste\/wp-json\/wp\/v2\/pages\/42892\" \/>\n                    <p class=\"form-row form-row-wide\">\n                        <label for=\"wishlist_title\">Name your list                            <abbr class=\"required\" title=\"required\">*<\/abbr><\/label>\n                        <input type=\"text\" name=\"wishlist_title\" id=\"wishlist_title\" class=\"input-text\"\n                               value=\"\"\/>\n                    <\/p>\n                    <p class=\"form-row form-row-wide\">\n                        <label for=\"wishlist_description\">Describe your list<\/label>\n                        <textarea name=\"wishlist_description\" id=\"wishlist_description\"><\/textarea>\n                    <\/p>\n                    <hr\/>\n                    <div class=\"form-row\">\n                        <strong>Privacy Settings                            <abbr class=\"required\" title=\"required\">*<\/abbr><\/strong>\n                        <table class=\"wl-rad-table\">\n\t\t\t\t\t\t\t                                <tr>\n                                    <td><input  type=\"radio\" name=\"wishlist_sharing\" id=\"rad_pub\" value=\"Public\">\n                                    <\/td>\n                                    <td><label for=\"rad_pub\">Public                                            <span class=\"wl-small\">- Anyone can search for and see this list. You can also share using a link.<\/span><\/label>\n                                    <\/td>\n                                <\/tr>\n\t\t\t\t\t\t\t\t\t\t\t\t\t\t                                <tr>\n                                    <td><input  type=\"radio\" name=\"wishlist_sharing\" id=\"rad_shared\" value=\"Shared\"><\/td>\n                                    <td><label for=\"rad_shared\">Shared                                            <span class=\"wl-small\">- Only people with the link can see this list. It will not appear in public search results.<\/span><\/label>\n                                    <\/td>\n                                <\/tr>\n\t\t\t\t\t\t\t\t\t\t\t\t\t\t                                <tr>\n                                    <td><input  checked='checked' type=\"radio\" name=\"wishlist_sharing\" id=\"rad_priv\" value=\"Private\"><\/td>\n                                    <td><label for=\"rad_priv\">Private                                            <span class=\"wl-small\">- Only you can see this list.<\/span><\/label>\n                                    <\/td>\n                                <\/tr>\n\t\t\t\t\t\t\t                        <\/table>\n                    <\/div>\n                    <p class=\"form-row form-row-full\">Enter a name you would like associated with this list.  If your list is public, users can find it by searching for this name.<\/p>\n                    <p class=\"form-row form-row-first\">\n                        <label for=\"wishlist_first_name\">First Name<\/label>\n\t\t\t\t\t\t                            <input type=\"text\" name=\"wishlist_first_name\" id=\"wishlist_first_name\" class=\"input-text\"\n                                   value=\"\"\/>\n\t\t\t\t\t\t                    <\/p>\n                    <p class=\"form-row form-row-last\">\n                        <label for=\"wishlist_last_name\">Last Name<\/label>\n\n\t\t\t\t\t\t                            <input type=\"text\" name=\"wishlist_last_name\" id=\"wishlist_last_name\" class=\"input-text\"\n                                   value=\"\"\/>\n\t\t\t\t\t\t                    <\/p>\n                    <div class=\"wl-clear\"><\/div>\n                    <p class=\"form-row\">\n                        <label for=\"wishlist_owner_email\">Email Associated with the List<\/label>\n                        <input type=\"text\" name=\"wishlist_owner_email\" id=\"wishlist_owner_email\"\n                               value=\"\"\n                               class=\"input-text\"\/>\n                    <\/p>\n\n\n\t\t\t\t\t                        <div class=\"wl-clear\"><\/div>\n                        <p class=\"form-row\">Email Notifications<\/p>\n                        <div class=\"form-row\">\n                            <table class=\"wl-rad-table\">\n                                <tr>\n                                    <td>\n                                        <input type=\"radio\" id=\"rad_notification_yes\" name=\"wishlist_owner_notifications\"\n                                               value=\"yes\"  checked='checked'>\n                                    <\/td>\n                                    <td><label for=\"rad_notification_yes\">Yes                                            <span class=\"wl-small\">- Send me an email if a price reduction occurs.<\/span><\/label>\n                                    <\/td>\n                                <\/tr>\n                                <tr>\n                                    <td>\n                                        <input type=\"radio\" id=\"rad_notification_no\" name=\"wishlist_owner_notifications\"\n                                               value=\"no\">\n                                    <\/td>\n                                    <td><label for=\"rad_notification_no\">No                                            <span class=\"wl-small\">- Do not send me an email if a price reduction occurs.<\/span><\/label>\n                                    <\/td>\n                                <\/tr>\n                            <\/table>\n                        <\/div>\n\t\t\t\t\t\n                    <div class=\"wl-clear\"><\/div>\n\n                    <p class=\"form-row\">\n\t\t\t\t\t\t                    <\/p>\n\n                    <p class=\"form-row\">\n                        <input type=\"submit\" class=\"button alt\" name=\"update_wishlist\"\n                               value=\"Create List\">\n                    <\/p>\n\n\n                <\/form>\n            <\/div><!-- \/wl form -->\n\t\t    <\/div><!-- \/wishlist-wrapper -->\n<\/div>\n\t\t\t\t\t\t<\/div>\n\t\t\t\t<\/div>\n\t\t\t\t\t<\/div>\n\t\t<\/div>\n\t\t\t\t\t<\/div>\n\t\t<\/section>\n\t\t\t\t<\/div>\n\t\t","protected":false},"excerpt":{"rendered":"<p>Cr\u00e9er une liste Cr\u00e9ons votre liste de souhaits!<\/p>\n","protected":false},"author":2,"featured_media":0,"parent":42891,"menu_order":0,"comment_status":"closed","ping_status":"closed","template":"","meta":{"_acf_changed":false,"jetpack_post_was_ever_published":false,"footnotes":""},"class_list":["post-42892","page","type-page","status-publish","hentry"],"acf":[],"yoast_head":"<!-- This site is optimized with the Yoast SEO Premium plugin v21.4 (Yoast SEO v27.3) - https:\/\/yoast.com\/product\/yoast-seo-premium-wordpress\/ -->\n<title>Cr\u00e9er une liste - Syst\u00e8mes d&#039;arrosage AutoPot France<\/title>\n<meta name=\"description\" content=\"Si vous voyez sur le site Web des produits que vous aimez vraiment, vous pouvez cr\u00e9er une liste pour les retrouver facilement \u00e0 l&#039;avenir.\" \/>\n<meta name=\"robots\" content=\"index, follow, max-snippet:-1, max-image-preview:large, max-video-preview:-1\" \/>\n<link rel=\"canonical\" href=\"https:\/\/autopot-france.com\/specialiste\/mes-listes\/creer-une-liste\/\" \/>\n<meta property=\"og:locale\" content=\"fr_FR\" \/>\n<meta property=\"og:type\" content=\"article\" \/>\n<meta property=\"og:title\" content=\"Cr\u00e9er une liste\" \/>\n<meta property=\"og:description\" content=\"Si vous voyez sur le site Web des produits que vous aimez vraiment, vous pouvez cr\u00e9er une liste pour les retrouver facilement \u00e0 l&#039;avenir.\" \/>\n<meta property=\"og:url\" content=\"https:\/\/autopot-france.com\/specialiste\/mes-listes\/creer-une-liste\/\" \/>\n<meta property=\"og:site_name\" content=\"Syst\u00e8mes d&#039;arrosage AutoPot France\" \/>\n<meta property=\"article:modified_time\" content=\"2023-10-24T19:33:23+00:00\" \/>\n<meta name=\"twitter:card\" content=\"summary_large_image\" \/>\n<meta name=\"twitter:label1\" content=\"Dur\u00e9e de lecture estim\u00e9e\" \/>\n\t<meta name=\"twitter:data1\" content=\"1 minute\" \/>\n<script type=\"application\/ld+json\" class=\"yoast-schema-graph\">{\"@context\":\"https:\\\/\\\/schema.org\",\"@graph\":[{\"@type\":\"WebPage\",\"@id\":\"https:\\\/\\\/autopot-france.com\\\/specialiste\\\/mes-listes\\\/creer-une-liste\\\/\",\"url\":\"https:\\\/\\\/autopot-france.com\\\/specialiste\\\/mes-listes\\\/creer-une-liste\\\/\",\"name\":\"Cr\u00e9er une liste - Syst\u00e8mes d&#039;arrosage AutoPot France\",\"isPartOf\":{\"@id\":\"https:\\\/\\\/autopot-france.com\\\/specialiste\\\/#website\"},\"datePublished\":\"2020-11-24T14:39:42+00:00\",\"dateModified\":\"2023-10-24T19:33:23+00:00\",\"description\":\"Si vous voyez sur le site Web des produits que vous aimez vraiment, vous pouvez cr\u00e9er une liste pour les retrouver facilement \u00e0 l'avenir.\",\"breadcrumb\":{\"@id\":\"https:\\\/\\\/autopot-france.com\\\/specialiste\\\/mes-listes\\\/creer-une-liste\\\/#breadcrumb\"},\"inLanguage\":\"fr-FR\",\"potentialAction\":[{\"@type\":\"ReadAction\",\"target\":[\"https:\\\/\\\/autopot-france.com\\\/specialiste\\\/mes-listes\\\/creer-une-liste\\\/\"]}]},{\"@type\":\"BreadcrumbList\",\"@id\":\"https:\\\/\\\/autopot-france.com\\\/specialiste\\\/mes-listes\\\/creer-une-liste\\\/#breadcrumb\",\"itemListElement\":[{\"@type\":\"ListItem\",\"position\":1,\"name\":\"Home\",\"item\":\"https:\\\/\\\/autopot-france.com\\\/specialiste\\\/\"},{\"@type\":\"ListItem\",\"position\":2,\"name\":\"Liste de voeux\",\"item\":\"https:\\\/\\\/autopot-france.com\\\/specialiste\\\/mes-listes\\\/\"},{\"@type\":\"ListItem\",\"position\":3,\"name\":\"Cr\u00e9er une liste\"}]},{\"@type\":\"WebSite\",\"@id\":\"https:\\\/\\\/autopot-france.com\\\/specialiste\\\/#website\",\"url\":\"https:\\\/\\\/autopot-france.com\\\/specialiste\\\/\",\"name\":\"Syst\u00e8mes d&#039;arrosage AutoPot France\",\"description\":\"Syst\u00e8mes d&#039;arrosage commerciaux, domestiques, ext\u00e9rieurs, de serre, d&#039;int\u00e9rieur et de terrain\",\"potentialAction\":[{\"@type\":\"SearchAction\",\"target\":{\"@type\":\"EntryPoint\",\"urlTemplate\":\"https:\\\/\\\/autopot-france.com\\\/specialiste\\\/?s={search_term_string}\"},\"query-input\":{\"@type\":\"PropertyValueSpecification\",\"valueRequired\":true,\"valueName\":\"search_term_string\"}}],\"inLanguage\":\"fr-FR\"}]}<\/script>\n<!-- \/ Yoast SEO Premium plugin. -->","yoast_head_json":{"title":"Cr\u00e9er une liste - Syst\u00e8mes d&#039;arrosage AutoPot France","description":"Si vous voyez sur le site Web des produits que vous aimez vraiment, vous pouvez cr\u00e9er une liste pour les retrouver facilement \u00e0 l'avenir.","robots":{"index":"index","follow":"follow","max-snippet":"max-snippet:-1","max-image-preview":"max-image-preview:large","max-video-preview":"max-video-preview:-1"},"canonical":"https:\/\/autopot-france.com\/specialiste\/mes-listes\/creer-une-liste\/","og_locale":"fr_FR","og_type":"article","og_title":"Cr\u00e9er une liste","og_description":"Si vous voyez sur le site Web des produits que vous aimez vraiment, vous pouvez cr\u00e9er une liste pour les retrouver facilement \u00e0 l'avenir.","og_url":"https:\/\/autopot-france.com\/specialiste\/mes-listes\/creer-une-liste\/","og_site_name":"Syst\u00e8mes d&#039;arrosage AutoPot France","article_modified_time":"2023-10-24T19:33:23+00:00","twitter_card":"summary_large_image","twitter_misc":{"Dur\u00e9e de lecture estim\u00e9e":"1 minute"},"schema":{"@context":"https:\/\/schema.org","@graph":[{"@type":"WebPage","@id":"https:\/\/autopot-france.com\/specialiste\/mes-listes\/creer-une-liste\/","url":"https:\/\/autopot-france.com\/specialiste\/mes-listes\/creer-une-liste\/","name":"Cr\u00e9er une liste - Syst\u00e8mes d&#039;arrosage AutoPot France","isPartOf":{"@id":"https:\/\/autopot-france.com\/specialiste\/#website"},"datePublished":"2020-11-24T14:39:42+00:00","dateModified":"2023-10-24T19:33:23+00:00","description":"Si vous voyez sur le site Web des produits que vous aimez vraiment, vous pouvez cr\u00e9er une liste pour les retrouver facilement \u00e0 l'avenir.","breadcrumb":{"@id":"https:\/\/autopot-france.com\/specialiste\/mes-listes\/creer-une-liste\/#breadcrumb"},"inLanguage":"fr-FR","potentialAction":[{"@type":"ReadAction","target":["https:\/\/autopot-france.com\/specialiste\/mes-listes\/creer-une-liste\/"]}]},{"@type":"BreadcrumbList","@id":"https:\/\/autopot-france.com\/specialiste\/mes-listes\/creer-une-liste\/#breadcrumb","itemListElement":[{"@type":"ListItem","position":1,"name":"Home","item":"https:\/\/autopot-france.com\/specialiste\/"},{"@type":"ListItem","position":2,"name":"Liste de voeux","item":"https:\/\/autopot-france.com\/specialiste\/mes-listes\/"},{"@type":"ListItem","position":3,"name":"Cr\u00e9er une liste"}]},{"@type":"WebSite","@id":"https:\/\/autopot-france.com\/specialiste\/#website","url":"https:\/\/autopot-france.com\/specialiste\/","name":"Syst\u00e8mes d&#039;arrosage AutoPot France","description":"Syst\u00e8mes d&#039;arrosage commerciaux, domestiques, ext\u00e9rieurs, de serre, d&#039;int\u00e9rieur et de terrain","potentialAction":[{"@type":"SearchAction","target":{"@type":"EntryPoint","urlTemplate":"https:\/\/autopot-france.com\/specialiste\/?s={search_term_string}"},"query-input":{"@type":"PropertyValueSpecification","valueRequired":true,"valueName":"search_term_string"}}],"inLanguage":"fr-FR"}]}},"jetpack_sharing_enabled":true,"_links":{"self":[{"href":"https:\/\/autopot-france.com\/specialiste\/wp-json\/wp\/v2\/pages\/42892","targetHints":{"allow":["GET"]}}],"collection":[{"href":"https:\/\/autopot-france.com\/specialiste\/wp-json\/wp\/v2\/pages"}],"about":[{"href":"https:\/\/autopot-france.com\/specialiste\/wp-json\/wp\/v2\/types\/page"}],"author":[{"embeddable":true,"href":"https:\/\/autopot-france.com\/specialiste\/wp-json\/wp\/v2\/users\/2"}],"replies":[{"embeddable":true,"href":"https:\/\/autopot-france.com\/specialiste\/wp-json\/wp\/v2\/comments?post=42892"}],"version-history":[{"count":5,"href":"https:\/\/autopot-france.com\/specialiste\/wp-json\/wp\/v2\/pages\/42892\/revisions"}],"predecessor-version":[{"id":72019,"href":"https:\/\/autopot-france.com\/specialiste\/wp-json\/wp\/v2\/pages\/42892\/revisions\/72019"}],"up":[{"embeddable":true,"href":"https:\/\/autopot-france.com\/specialiste\/wp-json\/wp\/v2\/pages\/42891"}],"wp:attachment":[{"href":"https:\/\/autopot-france.com\/specialiste\/wp-json\/wp\/v2\/media?parent=42892"}],"curies":[{"name":"wp","href":"https:\/\/api.w.org\/{rel}","templated":true}]}}