{"id":42894,"date":"2020-11-24T14:39:42","date_gmt":"2020-11-24T14:39:42","guid":{"rendered":"https:\/\/autopot-france.com\/specialiste\/my-lists\/find-a-list\/"},"modified":"2023-10-24T19:34:03","modified_gmt":"2023-10-24T19:34:03","slug":"trouver-une-liste","status":"publish","type":"page","link":"https:\/\/autopot-france.com\/specialiste\/mes-listes\/trouver-une-liste\/","title":{"rendered":"Trouver une liste"},"content":{"rendered":"\t\t<div data-elementor-type=\"wp-page\" data-elementor-id=\"42894\" class=\"elementor elementor-42894\" data-elementor-post-type=\"page\">\n\t\t\t\t\t\t<section class=\"elementor-section elementor-top-section elementor-element elementor-element-31f9d1c elementor-section-boxed elementor-section-height-default elementor-section-height-default\" data-id=\"31f9d1c\" data-element_type=\"section\" data-e-type=\"section\" data-settings=\"{&quot;background_background&quot;:&quot;classic&quot;}\">\n\t\t\t\t\t\t<div class=\"elementor-container elementor-column-gap-default\">\n\t\t\t\t\t<div class=\"elementor-column elementor-col-100 elementor-top-column elementor-element elementor-element-b12b66c\" data-id=\"b12b66c\" data-element_type=\"column\" data-e-type=\"column\">\n\t\t\t<div class=\"elementor-widget-wrap elementor-element-populated\">\n\t\t\t\t\t\t<div class=\"elementor-element elementor-element-a9184ec elementor-widget elementor-widget-heading\" data-id=\"a9184ec\" data-element_type=\"widget\" data-e-type=\"widget\" data-widget_type=\"heading.default\">\n\t\t\t\t<div class=\"elementor-widget-container\">\n\t\t\t\t\t<h1 class=\"elementor-heading-title elementor-size-default\">trouver une liste<\/h1>\t\t\t\t<\/div>\n\t\t\t\t<\/div>\n\t\t\t\t<div class=\"elementor-element elementor-element-9c212d1 elementor-widget elementor-widget-text-editor\" data-id=\"9c212d1\" data-element_type=\"widget\" data-e-type=\"widget\" data-widget_type=\"text-editor.default\">\n\t\t\t\t<div class=\"elementor-widget-container\">\n\t\t\t\t\t\t\t\t\t<p>Ici vous pouvez trouver la liste de quelqu&#8217;un, le cadeau parfait pour tout producteur.<\/p>\t\t\t\t\t\t\t\t<\/div>\n\t\t\t\t<\/div>\n\t\t\t\t\t<\/div>\n\t\t<\/div>\n\t\t\t\t\t<\/div>\n\t\t<\/section>\n\t\t\t\t<section class=\"elementor-section elementor-top-section elementor-element elementor-element-5b1d0372 elementor-section-boxed elementor-section-height-default elementor-section-height-default\" data-id=\"5b1d0372\" data-element_type=\"section\" data-e-type=\"section\">\n\t\t\t\t\t\t<div class=\"elementor-container elementor-column-gap-default\">\n\t\t\t\t\t<div class=\"elementor-column elementor-col-100 elementor-top-column elementor-element elementor-element-5658dac4\" data-id=\"5658dac4\" data-element_type=\"column\" data-e-type=\"column\">\n\t\t\t<div class=\"elementor-widget-wrap elementor-element-populated\">\n\t\t\t\t\t\t<div class=\"elementor-element elementor-element-65c762d2 elementor-widget elementor-widget-shortcode\" data-id=\"65c762d2\" data-element_type=\"widget\" data-e-type=\"widget\" data-widget_type=\"shortcode.default\">\n\t\t\t\t<div class=\"elementor-widget-container\">\n\t\t\t\t\t\t\t<div class=\"elementor-shortcode\">\n    <div id=\"wl-wrapper\" class=\"woocommerce\">\n\n\t\t\t\t\t\t\t\n        <form class=\"wl-search-form\" method=\"get\">\n            <label for=\"f-list\">Find Someone&#039;s List<\/label>\n            <input type=\"text\" name=\"f-list\" id=\"f-list\" class=\"find-input\" value=\"\" placeholder=\"Enter name or email\"\/>\n            <input type=\"submit\" class=\"button\" value=\"Search\"\/>\n        <\/form>\n        <hr\/>\n\n\t\t\t\t\t            <table class=\"shop_table cart wl-table wl-manage wl-find-table\" cellspacing=\"0\">\n                <thead>\n                <tr>\n                    <th class=\"product-name\">List Name<\/th>\n                    <th class=\"wl-pers-name\">Name<\/th>\n                    <th class=\"wl-date-added\">Date Added<\/th>\n                <\/tr>\n                <\/thead>\n\n\t\t\t\t                    <tr>\n                        <td><a href=\"https:\/\/autopot-france.com\/specialiste\/mes-listes\/afficher-une-liste\/?wlid=66612\">Desirable items<\/a><\/td>\n                        <td>Kevin Sweeney<\/td>\n                        <td class=\"wl-date-added\">juin 5, 2022<\/td>\n                    <\/tr>\n\t\t\t\t                    <tr>\n                        <td><a href=\"https:\/\/autopot-france.com\/specialiste\/mes-listes\/afficher-une-liste\/?wlid=70375\">HombreList<\/a><\/td>\n                        <td>Marek Dvo\u0159\u00e1k<\/td>\n                        <td class=\"wl-date-added\">mai 23, 2023<\/td>\n                    <\/tr>\n\t\t\t\t                    <tr>\n                        <td><a href=\"https:\/\/autopot-france.com\/specialiste\/mes-listes\/afficher-une-liste\/?wlid=69118\">Looks good<\/a><\/td>\n                        <td>Mel Bayliss<\/td>\n                        <td class=\"wl-date-added\">avril 1, 2023<\/td>\n                    <\/tr>\n\t\t\t\t                    <tr>\n                        <td><a href=\"https:\/\/autopot-france.com\/specialiste\/mes-listes\/afficher-une-liste\/?wlid=68323\">Pauls<\/a><\/td>\n                        <td>Paul barry<\/td>\n                        <td class=\"wl-date-added\">janvier 1, 2023<\/td>\n                    <\/tr>\n\t\t\t\t                    <tr>\n                        <td><a href=\"https:\/\/autopot-france.com\/specialiste\/mes-listes\/afficher-une-liste\/?wlid=70898\">Raised beds &#8211; front<\/a><\/td>\n                        <td>Charlotte Blackman<\/td>\n                        <td class=\"wl-date-added\">juin 27, 2023<\/td>\n                    <\/tr>\n\t\t\t\t                    <tr>\n                        <td><a href=\"https:\/\/autopot-france.com\/specialiste\/mes-listes\/afficher-une-liste\/?wlid=63988\">System erweitern<\/a><\/td>\n                        <td>Sascha Sittenthaler<\/td>\n                        <td class=\"wl-date-added\">ao\u00fbt 11, 2021<\/td>\n                    <\/tr>\n\t\t\t\t                    <tr>\n                        <td><a href=\"https:\/\/autopot-france.com\/specialiste\/mes-listes\/afficher-une-liste\/?wlid=69013\">ZAP<\/a><\/td>\n                        <td>ZAP ZAP<\/td>\n                        <td class=\"wl-date-added\">mars 29, 2023<\/td>\n                    <\/tr>\n\t\t\t\t            <\/table>\n\n\t\t\t\n\t\t    <\/div>\n<\/div>\n\t\t\t\t\t\t<\/div>\n\t\t\t\t<\/div>\n\t\t\t\t\t<\/div>\n\t\t<\/div>\n\t\t\t\t\t<\/div>\n\t\t<\/section>\n\t\t\t\t<\/div>\n\t\t","protected":false},"excerpt":{"rendered":"<p>trouver une liste Ici vous pouvez trouver la liste de quelqu&#8217;un, le cadeau parfait pour tout producteur.<\/p>\n","protected":false},"author":2,"featured_media":0,"parent":42891,"menu_order":0,"comment_status":"closed","ping_status":"closed","template":"","meta":{"_acf_changed":false,"jetpack_post_was_ever_published":false,"footnotes":""},"class_list":["post-42894","page","type-page","status-publish","hentry"],"acf":[],"yoast_head":"<!-- This site is optimized with the Yoast SEO Premium plugin v21.4 (Yoast SEO v27.4) - https:\/\/yoast.com\/product\/yoast-seo-premium-wordpress\/ -->\n<title>Trouver une liste - Syst\u00e8mes d&#039;arrosage AutoPot France<\/title>\n<meta name=\"description\" content=\"Si vous recherchez une liste de souhaits de produits que vous avez cr\u00e9\u00e9s, vous pourrez la trouver ici.\" \/>\n<meta name=\"robots\" content=\"index, follow, max-snippet:-1, max-image-preview:large, max-video-preview:-1\" \/>\n<link rel=\"canonical\" href=\"https:\/\/autopot-france.com\/specialiste\/mes-listes\/trouver-une-liste\/\" \/>\n<meta property=\"og:locale\" content=\"fr_FR\" \/>\n<meta property=\"og:type\" content=\"article\" \/>\n<meta property=\"og:title\" content=\"Trouver une liste\" \/>\n<meta property=\"og:description\" content=\"Si vous recherchez une liste de souhaits de produits que vous avez cr\u00e9\u00e9s, vous pourrez la trouver ici.\" \/>\n<meta property=\"og:url\" content=\"https:\/\/autopot-france.com\/specialiste\/mes-listes\/trouver-une-liste\/\" \/>\n<meta property=\"og:site_name\" content=\"Syst\u00e8mes d&#039;arrosage AutoPot France\" \/>\n<meta property=\"article:modified_time\" content=\"2023-10-24T19:34:03+00:00\" \/>\n<meta name=\"twitter:card\" content=\"summary_large_image\" \/>\n<meta name=\"twitter:label1\" content=\"Dur\u00e9e de lecture estim\u00e9e\" \/>\n\t<meta name=\"twitter:data1\" content=\"1 minute\" \/>\n<script type=\"application\/ld+json\" class=\"yoast-schema-graph\">{\"@context\":\"https:\\\/\\\/schema.org\",\"@graph\":[{\"@type\":\"WebPage\",\"@id\":\"https:\\\/\\\/autopot-france.com\\\/specialiste\\\/mes-listes\\\/trouver-une-liste\\\/\",\"url\":\"https:\\\/\\\/autopot-france.com\\\/specialiste\\\/mes-listes\\\/trouver-une-liste\\\/\",\"name\":\"Trouver une liste - Syst\u00e8mes d&#039;arrosage AutoPot France\",\"isPartOf\":{\"@id\":\"https:\\\/\\\/autopot-france.com\\\/specialiste\\\/#website\"},\"datePublished\":\"2020-11-24T14:39:42+00:00\",\"dateModified\":\"2023-10-24T19:34:03+00:00\",\"description\":\"Si vous recherchez une liste de souhaits de produits que vous avez cr\u00e9\u00e9s, vous pourrez la trouver ici.\",\"breadcrumb\":{\"@id\":\"https:\\\/\\\/autopot-france.com\\\/specialiste\\\/mes-listes\\\/trouver-une-liste\\\/#breadcrumb\"},\"inLanguage\":\"fr-FR\",\"potentialAction\":[{\"@type\":\"ReadAction\",\"target\":[\"https:\\\/\\\/autopot-france.com\\\/specialiste\\\/mes-listes\\\/trouver-une-liste\\\/\"]}]},{\"@type\":\"BreadcrumbList\",\"@id\":\"https:\\\/\\\/autopot-france.com\\\/specialiste\\\/mes-listes\\\/trouver-une-liste\\\/#breadcrumb\",\"itemListElement\":[{\"@type\":\"ListItem\",\"position\":1,\"name\":\"Home\",\"item\":\"https:\\\/\\\/autopot-france.com\\\/specialiste\\\/\"},{\"@type\":\"ListItem\",\"position\":2,\"name\":\"Liste de voeux\",\"item\":\"https:\\\/\\\/autopot-france.com\\\/specialiste\\\/mes-listes\\\/\"},{\"@type\":\"ListItem\",\"position\":3,\"name\":\"Trouver une liste\"}]},{\"@type\":\"WebSite\",\"@id\":\"https:\\\/\\\/autopot-france.com\\\/specialiste\\\/#website\",\"url\":\"https:\\\/\\\/autopot-france.com\\\/specialiste\\\/\",\"name\":\"Syst\u00e8mes d&#039;arrosage AutoPot France\",\"description\":\"Syst\u00e8mes d&#039;arrosage commerciaux, domestiques, ext\u00e9rieurs, de serre, d&#039;int\u00e9rieur et de terrain\",\"potentialAction\":[{\"@type\":\"SearchAction\",\"target\":{\"@type\":\"EntryPoint\",\"urlTemplate\":\"https:\\\/\\\/autopot-france.com\\\/specialiste\\\/?s={search_term_string}\"},\"query-input\":{\"@type\":\"PropertyValueSpecification\",\"valueRequired\":true,\"valueName\":\"search_term_string\"}}],\"inLanguage\":\"fr-FR\"}]}<\/script>\n<!-- \/ Yoast SEO Premium plugin. -->","yoast_head_json":{"title":"Trouver une liste - Syst\u00e8mes d&#039;arrosage AutoPot France","description":"Si vous recherchez une liste de souhaits de produits que vous avez cr\u00e9\u00e9s, vous pourrez la trouver ici.","robots":{"index":"index","follow":"follow","max-snippet":"max-snippet:-1","max-image-preview":"max-image-preview:large","max-video-preview":"max-video-preview:-1"},"canonical":"https:\/\/autopot-france.com\/specialiste\/mes-listes\/trouver-une-liste\/","og_locale":"fr_FR","og_type":"article","og_title":"Trouver une liste","og_description":"Si vous recherchez une liste de souhaits de produits que vous avez cr\u00e9\u00e9s, vous pourrez la trouver ici.","og_url":"https:\/\/autopot-france.com\/specialiste\/mes-listes\/trouver-une-liste\/","og_site_name":"Syst\u00e8mes d&#039;arrosage AutoPot France","article_modified_time":"2023-10-24T19:34:03+00:00","twitter_card":"summary_large_image","twitter_misc":{"Dur\u00e9e de lecture estim\u00e9e":"1 minute"},"schema":{"@context":"https:\/\/schema.org","@graph":[{"@type":"WebPage","@id":"https:\/\/autopot-france.com\/specialiste\/mes-listes\/trouver-une-liste\/","url":"https:\/\/autopot-france.com\/specialiste\/mes-listes\/trouver-une-liste\/","name":"Trouver une liste - Syst\u00e8mes d&#039;arrosage AutoPot France","isPartOf":{"@id":"https:\/\/autopot-france.com\/specialiste\/#website"},"datePublished":"2020-11-24T14:39:42+00:00","dateModified":"2023-10-24T19:34:03+00:00","description":"Si vous recherchez une liste de souhaits de produits que vous avez cr\u00e9\u00e9s, vous pourrez la trouver ici.","breadcrumb":{"@id":"https:\/\/autopot-france.com\/specialiste\/mes-listes\/trouver-une-liste\/#breadcrumb"},"inLanguage":"fr-FR","potentialAction":[{"@type":"ReadAction","target":["https:\/\/autopot-france.com\/specialiste\/mes-listes\/trouver-une-liste\/"]}]},{"@type":"BreadcrumbList","@id":"https:\/\/autopot-france.com\/specialiste\/mes-listes\/trouver-une-liste\/#breadcrumb","itemListElement":[{"@type":"ListItem","position":1,"name":"Home","item":"https:\/\/autopot-france.com\/specialiste\/"},{"@type":"ListItem","position":2,"name":"Liste de voeux","item":"https:\/\/autopot-france.com\/specialiste\/mes-listes\/"},{"@type":"ListItem","position":3,"name":"Trouver une liste"}]},{"@type":"WebSite","@id":"https:\/\/autopot-france.com\/specialiste\/#website","url":"https:\/\/autopot-france.com\/specialiste\/","name":"Syst\u00e8mes d&#039;arrosage AutoPot France","description":"Syst\u00e8mes d&#039;arrosage commerciaux, domestiques, ext\u00e9rieurs, de serre, d&#039;int\u00e9rieur et de terrain","potentialAction":[{"@type":"SearchAction","target":{"@type":"EntryPoint","urlTemplate":"https:\/\/autopot-france.com\/specialiste\/?s={search_term_string}"},"query-input":{"@type":"PropertyValueSpecification","valueRequired":true,"valueName":"search_term_string"}}],"inLanguage":"fr-FR"}]}},"jetpack_sharing_enabled":true,"_links":{"self":[{"href":"https:\/\/autopot-france.com\/specialiste\/wp-json\/wp\/v2\/pages\/42894","targetHints":{"allow":["GET"]}}],"collection":[{"href":"https:\/\/autopot-france.com\/specialiste\/wp-json\/wp\/v2\/pages"}],"about":[{"href":"https:\/\/autopot-france.com\/specialiste\/wp-json\/wp\/v2\/types\/page"}],"author":[{"embeddable":true,"href":"https:\/\/autopot-france.com\/specialiste\/wp-json\/wp\/v2\/users\/2"}],"replies":[{"embeddable":true,"href":"https:\/\/autopot-france.com\/specialiste\/wp-json\/wp\/v2\/comments?post=42894"}],"version-history":[{"count":5,"href":"https:\/\/autopot-france.com\/specialiste\/wp-json\/wp\/v2\/pages\/42894\/revisions"}],"predecessor-version":[{"id":72020,"href":"https:\/\/autopot-france.com\/specialiste\/wp-json\/wp\/v2\/pages\/42894\/revisions\/72020"}],"up":[{"embeddable":true,"href":"https:\/\/autopot-france.com\/specialiste\/wp-json\/wp\/v2\/pages\/42891"}],"wp:attachment":[{"href":"https:\/\/autopot-france.com\/specialiste\/wp-json\/wp\/v2\/media?parent=42894"}],"curies":[{"name":"wp","href":"https:\/\/api.w.org\/{rel}","templated":true}]}}