{"id":43925,"date":"2020-12-03T19:52:52","date_gmt":"2020-12-03T19:52:52","guid":{"rendered":"https:\/\/autopot-france.com\/specialiste\/?page_id=43925"},"modified":"2023-10-23T19:46:43","modified_gmt":"2023-10-23T19:46:43","slug":"store-locator-application-form-uk","status":"publish","type":"page","link":"https:\/\/autopot-france.com\/specialiste\/store-locator-application-form-uk\/","title":{"rendered":"Store Locator Application Form UK"},"content":{"rendered":"\t\t<div data-elementor-type=\"wp-page\" data-elementor-id=\"43925\" class=\"elementor elementor-43925\" data-elementor-post-type=\"page\">\n\t\t\t\t\t\t<section class=\"elementor-section elementor-top-section elementor-element elementor-element-743b37af elementor-section-boxed elementor-section-height-default elementor-section-height-default\" data-id=\"743b37af\" data-element_type=\"section\" data-e-type=\"section\" data-settings=\"{&quot;background_background&quot;:&quot;classic&quot;}\">\n\t\t\t\t\t\t<div class=\"elementor-container elementor-column-gap-default\">\n\t\t\t\t\t<div class=\"elementor-column elementor-col-100 elementor-top-column elementor-element elementor-element-256ff919\" data-id=\"256ff919\" data-element_type=\"column\" data-e-type=\"column\">\n\t\t\t<div class=\"elementor-widget-wrap elementor-element-populated\">\n\t\t\t\t\t\t<div class=\"elementor-element elementor-element-217e18d4 elementor-widget elementor-widget-heading\" data-id=\"217e18d4\" data-element_type=\"widget\" data-e-type=\"widget\" data-widget_type=\"heading.default\">\n\t\t\t\t<div class=\"elementor-widget-container\">\n\t\t\t\t\t<h1 class=\"elementor-heading-title elementor-size-default\">Formulaire de demande d\u2019outil de localisation de magasin.<\/h1>\t\t\t\t<\/div>\n\t\t\t\t<\/div>\n\t\t\t\t<div class=\"elementor-element elementor-element-6989c56d elementor-widget elementor-widget-text-editor\" data-id=\"6989c56d\" data-element_type=\"widget\" data-e-type=\"widget\" data-widget_type=\"text-editor.default\">\n\t\t\t\t<div class=\"elementor-widget-container\">\n\t\t\t\t\t\t\t\t\t<p>Si vous stockez des produits AutoPot dans votre magasin, magasin ou entrep\u00f4t, vous pouvez figurer sur le localisateur\/annuaire de magasins AutoPot international, permettant aux clients potentiels de vous trouver si vous \u00eates \u00e0 proximit\u00e9 d&#8217;eux.<\/p>\t\t\t\t\t\t\t\t<\/div>\n\t\t\t\t<\/div>\n\t\t\t\t\t<\/div>\n\t\t<\/div>\n\t\t\t\t\t<\/div>\n\t\t<\/section>\n\t\t\t\t<section class=\"elementor-section elementor-top-section elementor-element elementor-element-04f05ff elementor-section-boxed elementor-section-height-default elementor-section-height-default\" data-id=\"04f05ff\" data-element_type=\"section\" data-e-type=\"section\">\n\t\t\t\t\t\t<div class=\"elementor-container elementor-column-gap-default\">\n\t\t\t\t\t<div class=\"elementor-column elementor-col-100 elementor-top-column elementor-element elementor-element-c95d209\" data-id=\"c95d209\" data-element_type=\"column\" data-e-type=\"column\">\n\t\t\t<div class=\"elementor-widget-wrap elementor-element-populated\">\n\t\t\t\t\t\t<div class=\"elementor-element elementor-element-e2f3c62 elementor-widget elementor-widget-heading\" data-id=\"e2f3c62\" data-element_type=\"widget\" data-e-type=\"widget\" data-widget_type=\"heading.default\">\n\t\t\t\t<div class=\"elementor-widget-container\">\n\t\t\t\t\t<h2 class=\"elementor-heading-title elementor-size-default\">Besoin d'ajouter votre entreprise \u00e0 l'annuaire?<\/h2>\t\t\t\t<\/div>\n\t\t\t\t<\/div>\n\t\t\t\t<div class=\"elementor-element elementor-element-02bb4f2 elementor-widget elementor-widget-text-editor\" data-id=\"02bb4f2\" data-element_type=\"widget\" data-e-type=\"widget\" data-widget_type=\"text-editor.default\">\n\t\t\t\t<div class=\"elementor-widget-container\">\n\t\t\t\t\t\t\t\t\t<p>Veuillez remplir le formulaire ci-dessous pour postuler &#8211; veuillez remplir tous les espaces vides et pr\u00e9voir jusqu&#8217;\u00e0 72 heures pour que votre candidature soit trait\u00e9e.<\/p>\t\t\t\t\t\t\t\t<\/div>\n\t\t\t\t<\/div>\n\t\t\t\t<div class=\"elementor-element elementor-element-ff31662 elementor-widget__width-initial elementor-widget-tablet__width-initial elementor-widget-mobile__width-initial elementor-button-align-stretch elementor-widget elementor-widget-form\" data-id=\"ff31662\" data-element_type=\"widget\" data-e-type=\"widget\" data-settings=\"{&quot;step_next_label&quot;:&quot;Next&quot;,&quot;step_previous_label&quot;:&quot;Previous&quot;,&quot;step_icon_shape&quot;:&quot;rounded&quot;,&quot;button_width&quot;:&quot;100&quot;,&quot;step_type&quot;:&quot;number_text&quot;}\" data-widget_type=\"form.default\">\n\t\t\t\t<div class=\"elementor-widget-container\">\n\t\t\t\t\t\t\t<form class=\"elementor-form\" method=\"post\" name=\"New Form\" aria-label=\"New Form\">\n\t\t\t<input type=\"hidden\" name=\"post_id\" value=\"43925\"\/>\n\t\t\t<input type=\"hidden\" name=\"form_id\" value=\"ff31662\"\/>\n\t\t\t<input type=\"hidden\" name=\"referer_title\" value=\"Store Locator Application Form UK - Syst\u00e8mes d&#039;arrosage AutoPot France\" \/>\n\n\t\t\t\t\t\t\t<input type=\"hidden\" name=\"queried_id\" value=\"43925\"\/>\n\t\t\t\n\t\t\t<div class=\"elementor-form-fields-wrapper elementor-labels-above\">\n\t\t\t\t\t\t\t\t<div class=\"elementor-field-type-text elementor-field-group elementor-column elementor-field-group-name elementor-col-50 elementor-field-required elementor-mark-required\">\n\t\t\t\t\t\t\t\t\t\t\t\t<label for=\"form-field-name\" class=\"elementor-field-label\">\n\t\t\t\t\t\t\t\tNom du magasin\t\t\t\t\t\t\t<\/label>\n\t\t\t\t\t\t\t\t\t\t\t\t\t\t<input size=\"1\" type=\"text\" name=\"form_fields[name]\" id=\"form-field-name\" class=\"elementor-field elementor-size-sm  elementor-field-textual\" required=\"required\">\n\t\t\t\t\t\t\t\t\t\t\t<\/div>\n\t\t\t\t\t\t\t\t<div class=\"elementor-field-type-email elementor-field-group elementor-column elementor-field-group-field_14dd137 elementor-col-50 elementor-field-required elementor-mark-required\">\n\t\t\t\t\t\t\t\t\t\t\t\t<label for=\"form-field-field_14dd137\" class=\"elementor-field-label\">\n\t\t\t\t\t\t\t\tEmail\t\t\t\t\t\t\t<\/label>\n\t\t\t\t\t\t\t\t\t\t\t\t\t\t<input size=\"1\" type=\"email\" name=\"form_fields[field_14dd137]\" id=\"form-field-field_14dd137\" class=\"elementor-field elementor-size-sm  elementor-field-textual\" required=\"required\">\n\t\t\t\t\t\t\t\t\t\t\t<\/div>\n\t\t\t\t\t\t\t\t<div class=\"elementor-field-type-tel elementor-field-group elementor-column elementor-field-group-field_333bf3b elementor-col-100 elementor-field-required elementor-mark-required\">\n\t\t\t\t\t\t\t\t\t\t\t\t<label for=\"form-field-field_333bf3b\" class=\"elementor-field-label\">\n\t\t\t\t\t\t\t\tTon t\u00e9l\u00e9phone\t\t\t\t\t\t\t<\/label>\n\t\t\t\t\t\t\t\t<input size=\"1\" type=\"tel\" name=\"form_fields[field_333bf3b]\" id=\"form-field-field_333bf3b\" class=\"elementor-field elementor-size-sm  elementor-field-textual\" required=\"required\" pattern=\"[0-9()#&amp;+*-=.]+\" title=\"Seuls les caract\u00e8res de num\u00e9ros de t\u00e9l\u00e9phone (#, -, *, etc.) sont accept\u00e9s.\">\n\n\t\t\t\t\t\t<\/div>\n\t\t\t\t\t\t\t\t<div class=\"elementor-field-type-text elementor-field-group elementor-column elementor-field-group-field_11f68a7 elementor-col-100\">\n\t\t\t\t\t\t\t\t\t\t\t\t<label for=\"form-field-field_11f68a7\" class=\"elementor-field-label\">\n\t\t\t\t\t\t\t\tVotre site web\t\t\t\t\t\t\t<\/label>\n\t\t\t\t\t\t\t\t\t\t\t\t\t\t<input size=\"1\" type=\"text\" name=\"form_fields[field_11f68a7]\" id=\"form-field-field_11f68a7\" class=\"elementor-field elementor-size-sm  elementor-field-textual\">\n\t\t\t\t\t\t\t\t\t\t\t<\/div>\n\t\t\t\t\t\t\t\t<div class=\"elementor-field-type-html elementor-field-group elementor-column elementor-field-group-field_c43b266 elementor-col-100\">\n\t\t\t\t\t<span style=\"font-size:17px;\">D\u00e9taillant ou distributeur?<\/span>\t\t\t\t<\/div>\n\t\t\t\t\t\t\t\t<div class=\"elementor-field-type-radio elementor-field-group elementor-column elementor-field-group-field_643fb67 elementor-col-100 elementor-field-required elementor-mark-required\">\n\t\t\t\t\t<div class=\"elementor-field-subgroup  \"><span class=\"elementor-field-option\"><input type=\"radio\" value=\"D\u00e9taillant\" id=\"form-field-field_643fb67-0\" name=\"form_fields[field_643fb67]\" required=\"required\"> <label for=\"form-field-field_643fb67-0\">D\u00e9taillant<\/label><\/span><span class=\"elementor-field-option\"><input type=\"radio\" value=\"Distributeur\" id=\"form-field-field_643fb67-1\" name=\"form_fields[field_643fb67]\" required=\"required\"> <label for=\"form-field-field_643fb67-1\">Distributeur<\/label><\/span><\/div>\t\t\t\t<\/div>\n\t\t\t\t\t\t\t\t<div class=\"elementor-field-type-html elementor-field-group elementor-column elementor-field-group-field_87acd15 elementor-col-100\">\n\t\t\t\t\t<span style=\"font-size:10px;\">Ceci sera v\u00e9rifi\u00e9 avant la publication<\/span>\t\t\t\t<\/div>\n\t\t\t\t\t\t\t\t<div class=\"elementor-field-type-text elementor-field-group elementor-column elementor-field-group-field_fd08168 elementor-col-100 elementor-field-required elementor-mark-required\">\n\t\t\t\t\t\t\t\t\t\t\t\t<label for=\"form-field-field_fd08168\" class=\"elementor-field-label\">\n\t\t\t\t\t\t\t\tAdresse Ligne 1\t\t\t\t\t\t\t<\/label>\n\t\t\t\t\t\t\t\t\t\t\t\t\t\t<input size=\"1\" type=\"text\" name=\"form_fields[field_fd08168]\" id=\"form-field-field_fd08168\" class=\"elementor-field elementor-size-sm  elementor-field-textual\" required=\"required\">\n\t\t\t\t\t\t\t\t\t\t\t<\/div>\n\t\t\t\t\t\t\t\t<div class=\"elementor-field-type-text elementor-field-group elementor-column elementor-field-group-field_6072171 elementor-col-100\">\n\t\t\t\t\t\t\t\t\t\t\t\t<label for=\"form-field-field_6072171\" class=\"elementor-field-label\">\n\t\t\t\t\t\t\t\tAdresse Ligne 2\t\t\t\t\t\t\t<\/label>\n\t\t\t\t\t\t\t\t\t\t\t\t\t\t<input size=\"1\" type=\"text\" name=\"form_fields[field_6072171]\" id=\"form-field-field_6072171\" class=\"elementor-field elementor-size-sm  elementor-field-textual\">\n\t\t\t\t\t\t\t\t\t\t\t<\/div>\n\t\t\t\t\t\t\t\t<div class=\"elementor-field-type-text elementor-field-group elementor-column elementor-field-group-field_a60d500 elementor-col-100 elementor-field-required elementor-mark-required\">\n\t\t\t\t\t\t\t\t\t\t\t\t<label for=\"form-field-field_a60d500\" class=\"elementor-field-label\">\n\t\t\t\t\t\t\t\tVille\t\t\t\t\t\t\t<\/label>\n\t\t\t\t\t\t\t\t\t\t\t\t\t\t<input size=\"1\" type=\"text\" name=\"form_fields[field_a60d500]\" id=\"form-field-field_a60d500\" class=\"elementor-field elementor-size-sm  elementor-field-textual\" required=\"required\">\n\t\t\t\t\t\t\t\t\t\t\t<\/div>\n\t\t\t\t\t\t\t\t<div class=\"elementor-field-type-text elementor-field-group elementor-column elementor-field-group-field_9a254e7 elementor-col-100 elementor-field-required elementor-mark-required\">\n\t\t\t\t\t\t\t\t\t\t\t\t<label for=\"form-field-field_9a254e7\" class=\"elementor-field-label\">\n\t\t\t\t\t\t\t\tEtat \/ Pays\t\t\t\t\t\t\t<\/label>\n\t\t\t\t\t\t\t\t\t\t\t\t\t\t<input size=\"1\" type=\"text\" name=\"form_fields[field_9a254e7]\" id=\"form-field-field_9a254e7\" class=\"elementor-field elementor-size-sm  elementor-field-textual\" required=\"required\">\n\t\t\t\t\t\t\t\t\t\t\t<\/div>\n\t\t\t\t\t\t\t\t<div class=\"elementor-field-type-text elementor-field-group elementor-column elementor-field-group-field_b5f9f38 elementor-col-100 elementor-field-required elementor-mark-required\">\n\t\t\t\t\t\t\t\t\t\t\t\t<label for=\"form-field-field_b5f9f38\" class=\"elementor-field-label\">\n\t\t\t\t\t\t\t\tCode postal\/code postal\t\t\t\t\t\t\t<\/label>\n\t\t\t\t\t\t\t\t\t\t\t\t\t\t<input size=\"1\" type=\"text\" name=\"form_fields[field_b5f9f38]\" id=\"form-field-field_b5f9f38\" class=\"elementor-field elementor-size-sm  elementor-field-textual\" required=\"required\">\n\t\t\t\t\t\t\t\t\t\t\t<\/div>\n\t\t\t\t\t\t\t\t<div class=\"elementor-field-type-text elementor-field-group elementor-column elementor-field-group-field_988edd5 elementor-col-100 elementor-field-required elementor-mark-required\">\n\t\t\t\t\t\t\t\t\t\t\t\t<label for=\"form-field-field_988edd5\" class=\"elementor-field-label\">\n\t\t\t\t\t\t\t\tPays\t\t\t\t\t\t\t<\/label>\n\t\t\t\t\t\t\t\t\t\t\t\t\t\t<input size=\"1\" type=\"text\" name=\"form_fields[field_988edd5]\" id=\"form-field-field_988edd5\" class=\"elementor-field elementor-size-sm  elementor-field-textual\" required=\"required\">\n\t\t\t\t\t\t\t\t\t\t\t<\/div>\n\t\t\t\t\t\t\t\t<div class=\"elementor-field-type-recaptcha elementor-field-group elementor-column elementor-field-group-field_7482152 elementor-col-100\">\n\t\t\t\t\t<div class=\"elementor-field\" id=\"form-field-field_7482152\"><div class=\"elementor-g-recaptcha\" data-sitekey=\"6LeF98ooAAAAAI7SazBIJxk560_MtHpvH3ncOv0s\" data-type=\"v2_checkbox\" data-theme=\"light\" data-size=\"normal\"><\/div><\/div>\t\t\t\t<\/div>\n\t\t\t\t\t\t\t\t<div class=\"elementor-field-group elementor-column elementor-field-type-submit elementor-col-100 e-form__buttons\">\n\t\t\t\t\t<button class=\"elementor-button elementor-size-sm\" type=\"submit\">\n\t\t\t\t\t\t<span class=\"elementor-button-content-wrapper\">\n\t\t\t\t\t\t\t\t\t\t\t\t\t\t\t\t\t\t\t\t\t\t<span class=\"elementor-button-text\">Envoyer<\/span>\n\t\t\t\t\t\t\t\t\t\t\t\t\t<\/span>\n\t\t\t\t\t<\/button>\n\t\t\t\t<\/div>\n\t\t\t<\/div>\n\t\t<input\n                    class=\"apbct_special_field apbct_email_id__elementor_form\"\n                    name=\"apbct__email_id__elementor_form\"\n                    aria-label=\"apbct__label_id__elementor_form\"\n                    type=\"text\" size=\"30\" maxlength=\"200\" autocomplete=\"off\"\n                    value=\"\"\n                \/><\/form>\n\t\t\t\t\t\t<\/div>\n\t\t\t\t<\/div>\n\t\t\t\t\t<\/div>\n\t\t<\/div>\n\t\t\t\t\t<\/div>\n\t\t<\/section>\n\t\t\t\t<\/div>\n\t\t","protected":false},"excerpt":{"rendered":"<p>Formulaire de demande d\u2019outil de localisation de magasin. Si vous stockez des produits AutoPot dans votre magasin, magasin ou entrep\u00f4t, vous pouvez figurer sur le localisateur\/annuaire de magasins AutoPot international, permettant aux clients potentiels de vous trouver si vous \u00eates \u00e0 proximit\u00e9 d&#8217;eux. Besoin d&#8217;ajouter votre entreprise \u00e0 l&#8217;annuaire? Veuillez remplir le formulaire ci-dessous pour [&hellip;]<\/p>\n","protected":false},"author":2,"featured_media":0,"parent":0,"menu_order":0,"comment_status":"closed","ping_status":"closed","template":"","meta":{"_acf_changed":false,"jetpack_post_was_ever_published":false,"footnotes":""},"class_list":["post-43925","page","type-page","status-publish","hentry"],"acf":[],"yoast_head":"<!-- This site is optimized with the Yoast SEO Premium plugin v21.4 (Yoast SEO v27.3) - https:\/\/yoast.com\/product\/yoast-seo-premium-wordpress\/ -->\n<title>Store Locator Application Form UK - Syst\u00e8mes d&#039;arrosage AutoPot France<\/title>\n<meta name=\"description\" content=\"If your store stocks AutoPot products and you would like to be recognised as a n official AutoPot vendor, you can register here.\" \/>\n<meta name=\"robots\" content=\"index, follow, max-snippet:-1, max-image-preview:large, max-video-preview:-1\" \/>\n<link rel=\"canonical\" href=\"https:\/\/autopot-france.com\/specialiste\/store-locator-application-form-uk\/\" \/>\n<meta property=\"og:locale\" content=\"fr_FR\" \/>\n<meta property=\"og:type\" content=\"article\" \/>\n<meta property=\"og:title\" content=\"Store Locator Application Form UK\" \/>\n<meta property=\"og:description\" content=\"If your store stocks AutoPot products and you would like to be recognised as a n official AutoPot vendor, you can register here.\" \/>\n<meta property=\"og:url\" content=\"https:\/\/autopot-france.com\/specialiste\/store-locator-application-form-uk\/\" \/>\n<meta property=\"og:site_name\" content=\"Syst\u00e8mes d&#039;arrosage AutoPot France\" \/>\n<meta property=\"article:modified_time\" content=\"2023-10-23T19:46:43+00:00\" \/>\n<meta name=\"twitter:card\" content=\"summary_large_image\" \/>\n<meta name=\"twitter:label1\" content=\"Dur\u00e9e de lecture estim\u00e9e\" \/>\n\t<meta name=\"twitter:data1\" content=\"1 minute\" \/>\n<script type=\"application\/ld+json\" class=\"yoast-schema-graph\">{\"@context\":\"https:\\\/\\\/schema.org\",\"@graph\":[{\"@type\":\"WebPage\",\"@id\":\"https:\\\/\\\/autopot-france.com\\\/specialiste\\\/store-locator-application-form-uk\\\/\",\"url\":\"https:\\\/\\\/autopot-france.com\\\/specialiste\\\/store-locator-application-form-uk\\\/\",\"name\":\"Store Locator Application Form UK - Syst\u00e8mes d&#039;arrosage AutoPot France\",\"isPartOf\":{\"@id\":\"https:\\\/\\\/autopot-france.com\\\/specialiste\\\/#website\"},\"datePublished\":\"2020-12-03T19:52:52+00:00\",\"dateModified\":\"2023-10-23T19:46:43+00:00\",\"description\":\"If your store stocks AutoPot products and you would like to be recognised as a n official AutoPot vendor, you can register here.\",\"breadcrumb\":{\"@id\":\"https:\\\/\\\/autopot-france.com\\\/specialiste\\\/store-locator-application-form-uk\\\/#breadcrumb\"},\"inLanguage\":\"fr-FR\",\"potentialAction\":[{\"@type\":\"ReadAction\",\"target\":[\"https:\\\/\\\/autopot-france.com\\\/specialiste\\\/store-locator-application-form-uk\\\/\"]}]},{\"@type\":\"BreadcrumbList\",\"@id\":\"https:\\\/\\\/autopot-france.com\\\/specialiste\\\/store-locator-application-form-uk\\\/#breadcrumb\",\"itemListElement\":[{\"@type\":\"ListItem\",\"position\":1,\"name\":\"Home\",\"item\":\"https:\\\/\\\/autopot-france.com\\\/specialiste\\\/\"},{\"@type\":\"ListItem\",\"position\":2,\"name\":\"Store Locator Application Form UK\"}]},{\"@type\":\"WebSite\",\"@id\":\"https:\\\/\\\/autopot-france.com\\\/specialiste\\\/#website\",\"url\":\"https:\\\/\\\/autopot-france.com\\\/specialiste\\\/\",\"name\":\"Syst\u00e8mes d&#039;arrosage AutoPot France\",\"description\":\"Syst\u00e8mes d&#039;arrosage commerciaux, domestiques, ext\u00e9rieurs, de serre, d&#039;int\u00e9rieur et de terrain\",\"potentialAction\":[{\"@type\":\"SearchAction\",\"target\":{\"@type\":\"EntryPoint\",\"urlTemplate\":\"https:\\\/\\\/autopot-france.com\\\/specialiste\\\/?s={search_term_string}\"},\"query-input\":{\"@type\":\"PropertyValueSpecification\",\"valueRequired\":true,\"valueName\":\"search_term_string\"}}],\"inLanguage\":\"fr-FR\"}]}<\/script>\n<!-- \/ Yoast SEO Premium plugin. -->","yoast_head_json":{"title":"Store Locator Application Form UK - Syst\u00e8mes d&#039;arrosage AutoPot France","description":"If your store stocks AutoPot products and you would like to be recognised as a n official AutoPot vendor, you can register here.","robots":{"index":"index","follow":"follow","max-snippet":"max-snippet:-1","max-image-preview":"max-image-preview:large","max-video-preview":"max-video-preview:-1"},"canonical":"https:\/\/autopot-france.com\/specialiste\/store-locator-application-form-uk\/","og_locale":"fr_FR","og_type":"article","og_title":"Store Locator Application Form UK","og_description":"If your store stocks AutoPot products and you would like to be recognised as a n official AutoPot vendor, you can register here.","og_url":"https:\/\/autopot-france.com\/specialiste\/store-locator-application-form-uk\/","og_site_name":"Syst\u00e8mes d&#039;arrosage AutoPot France","article_modified_time":"2023-10-23T19:46:43+00:00","twitter_card":"summary_large_image","twitter_misc":{"Dur\u00e9e de lecture estim\u00e9e":"1 minute"},"schema":{"@context":"https:\/\/schema.org","@graph":[{"@type":"WebPage","@id":"https:\/\/autopot-france.com\/specialiste\/store-locator-application-form-uk\/","url":"https:\/\/autopot-france.com\/specialiste\/store-locator-application-form-uk\/","name":"Store Locator Application Form UK - Syst\u00e8mes d&#039;arrosage AutoPot France","isPartOf":{"@id":"https:\/\/autopot-france.com\/specialiste\/#website"},"datePublished":"2020-12-03T19:52:52+00:00","dateModified":"2023-10-23T19:46:43+00:00","description":"If your store stocks AutoPot products and you would like to be recognised as a n official AutoPot vendor, you can register here.","breadcrumb":{"@id":"https:\/\/autopot-france.com\/specialiste\/store-locator-application-form-uk\/#breadcrumb"},"inLanguage":"fr-FR","potentialAction":[{"@type":"ReadAction","target":["https:\/\/autopot-france.com\/specialiste\/store-locator-application-form-uk\/"]}]},{"@type":"BreadcrumbList","@id":"https:\/\/autopot-france.com\/specialiste\/store-locator-application-form-uk\/#breadcrumb","itemListElement":[{"@type":"ListItem","position":1,"name":"Home","item":"https:\/\/autopot-france.com\/specialiste\/"},{"@type":"ListItem","position":2,"name":"Store Locator Application Form UK"}]},{"@type":"WebSite","@id":"https:\/\/autopot-france.com\/specialiste\/#website","url":"https:\/\/autopot-france.com\/specialiste\/","name":"Syst\u00e8mes d&#039;arrosage AutoPot France","description":"Syst\u00e8mes d&#039;arrosage commerciaux, domestiques, ext\u00e9rieurs, de serre, d&#039;int\u00e9rieur et de terrain","potentialAction":[{"@type":"SearchAction","target":{"@type":"EntryPoint","urlTemplate":"https:\/\/autopot-france.com\/specialiste\/?s={search_term_string}"},"query-input":{"@type":"PropertyValueSpecification","valueRequired":true,"valueName":"search_term_string"}}],"inLanguage":"fr-FR"}]}},"jetpack_sharing_enabled":true,"_links":{"self":[{"href":"https:\/\/autopot-france.com\/specialiste\/wp-json\/wp\/v2\/pages\/43925","targetHints":{"allow":["GET"]}}],"collection":[{"href":"https:\/\/autopot-france.com\/specialiste\/wp-json\/wp\/v2\/pages"}],"about":[{"href":"https:\/\/autopot-france.com\/specialiste\/wp-json\/wp\/v2\/types\/page"}],"author":[{"embeddable":true,"href":"https:\/\/autopot-france.com\/specialiste\/wp-json\/wp\/v2\/users\/2"}],"replies":[{"embeddable":true,"href":"https:\/\/autopot-france.com\/specialiste\/wp-json\/wp\/v2\/comments?post=43925"}],"version-history":[{"count":5,"href":"https:\/\/autopot-france.com\/specialiste\/wp-json\/wp\/v2\/pages\/43925\/revisions"}],"predecessor-version":[{"id":71955,"href":"https:\/\/autopot-france.com\/specialiste\/wp-json\/wp\/v2\/pages\/43925\/revisions\/71955"}],"wp:attachment":[{"href":"https:\/\/autopot-france.com\/specialiste\/wp-json\/wp\/v2\/media?parent=43925"}],"curies":[{"name":"wp","href":"https:\/\/api.w.org\/{rel}","templated":true}]}}