{"id":59668,"date":"2021-03-23T12:36:48","date_gmt":"2021-03-23T12:36:48","guid":{"rendered":"https:\/\/autopot-france.com\/specialiste\/?page_id=59668"},"modified":"2023-10-24T07:37:18","modified_gmt":"2023-10-24T07:37:18","slug":"guides-de-culture-autopot","status":"publish","type":"page","link":"https:\/\/autopot-france.com\/specialiste\/guides-de-culture-autopot\/","title":{"rendered":"Guides de culture AutoPot"},"content":{"rendered":"\t\t<div data-elementor-type=\"wp-page\" data-elementor-id=\"59668\" class=\"elementor elementor-59668\" data-elementor-post-type=\"page\">\n\t\t\t\t\t\t<section class=\"elementor-section elementor-top-section elementor-element elementor-element-482881f3 elementor-section-boxed elementor-section-height-default elementor-section-height-default\" data-id=\"482881f3\" data-element_type=\"section\" data-e-type=\"section\" data-settings=\"{&quot;background_background&quot;:&quot;classic&quot;}\">\n\t\t\t\t\t\t<div class=\"elementor-container elementor-column-gap-default\">\n\t\t\t\t\t<div class=\"elementor-column elementor-col-100 elementor-top-column elementor-element elementor-element-2d4932b6\" data-id=\"2d4932b6\" data-element_type=\"column\" data-e-type=\"column\">\n\t\t\t<div class=\"elementor-widget-wrap elementor-element-populated\">\n\t\t\t\t\t\t<div class=\"elementor-element elementor-element-17f7e7dc elementor-widget elementor-widget-heading\" data-id=\"17f7e7dc\" data-element_type=\"widget\" data-e-type=\"widget\" data-widget_type=\"heading.default\">\n\t\t\t\t<div class=\"elementor-widget-container\">\n\t\t\t\t\t<h1 class=\"elementor-heading-title elementor-size-default\">Guides de culture AutoPot<\/h1>\t\t\t\t<\/div>\n\t\t\t\t<\/div>\n\t\t\t\t\t<\/div>\n\t\t<\/div>\n\t\t\t\t\t<\/div>\n\t\t<\/section>\n\t\t\t\t<section class=\"elementor-section elementor-top-section elementor-element elementor-element-6638096 elementor-section-boxed elementor-section-height-default elementor-section-height-default\" data-id=\"6638096\" data-element_type=\"section\" data-e-type=\"section\">\n\t\t\t\t\t\t<div class=\"elementor-container elementor-column-gap-default\">\n\t\t\t\t\t<div class=\"elementor-column elementor-col-50 elementor-top-column elementor-element elementor-element-ad16ab2\" data-id=\"ad16ab2\" data-element_type=\"column\" data-e-type=\"column\">\n\t\t\t<div class=\"elementor-widget-wrap elementor-element-populated\">\n\t\t\t\t\t\t<div class=\"elementor-element elementor-element-338dac3 elementor-widget elementor-widget-text-editor\" data-id=\"338dac3\" data-element_type=\"widget\" data-e-type=\"widget\" data-widget_type=\"text-editor.default\">\n\t\t\t\t<div class=\"elementor-widget-container\">\n\t\t\t\t\t\t\t\t\t<p>Ci-dessous, vous pouvez consulter et t\u00e9l\u00e9charger tous nos guides de culture.<\/p>\t\t\t\t\t\t\t\t<\/div>\n\t\t\t\t<\/div>\n\t\t\t\t<div class=\"elementor-element elementor-element-c267f7c elementor-widget elementor-widget-button\" data-id=\"c267f7c\" data-element_type=\"widget\" data-e-type=\"widget\" data-widget_type=\"button.default\">\n\t\t\t\t<div class=\"elementor-widget-container\">\n\t\t\t\t\t\t\t\t\t<div class=\"elementor-button-wrapper\">\n\t\t\t\t\t<a class=\"elementor-button elementor-button-link elementor-size-sm\" href=\"https:\/\/autopot-france.com\/wp-content\/uploads\/sites\/3\/2021\/03\/AutoPot_Growers_Guide_Complete.pdf\" target=\"_blank\">\n\t\t\t\t\t\t<span class=\"elementor-button-content-wrapper\">\n\t\t\t\t\t\t<span class=\"elementor-button-icon\">\n\t\t\t\t<i aria-hidden=\"true\" class=\"icon icon-download\"><\/i>\t\t\t<\/span>\n\t\t\t\t\t\t\t\t\t<span class=\"elementor-button-text\">Guide complet<\/span>\n\t\t\t\t\t<\/span>\n\t\t\t\t\t<\/a>\n\t\t\t\t<\/div>\n\t\t\t\t\t\t\t\t<\/div>\n\t\t\t\t<\/div>\n\t\t\t\t<div class=\"elementor-element elementor-element-e16d204 elementor-widget elementor-widget-button\" data-id=\"e16d204\" data-element_type=\"widget\" data-e-type=\"widget\" data-widget_type=\"button.default\">\n\t\t\t\t<div class=\"elementor-widget-container\">\n\t\t\t\t\t\t\t\t\t<div class=\"elementor-button-wrapper\">\n\t\t\t\t\t<a class=\"elementor-button elementor-button-link elementor-size-sm\" href=\"https:\/\/autopot-france.com\/wp-content\/uploads\/sites\/3\/2021\/03\/AutoPot_Growers_Guides_Nutrient_Information.pdf\" target=\"_blank\">\n\t\t\t\t\t\t<span class=\"elementor-button-content-wrapper\">\n\t\t\t\t\t\t<span class=\"elementor-button-icon\">\n\t\t\t\t<i aria-hidden=\"true\" class=\"icon icon-download\"><\/i>\t\t\t<\/span>\n\t\t\t\t\t\t\t\t\t<span class=\"elementor-button-text\">Informations nutritionnelles<\/span>\n\t\t\t\t\t<\/span>\n\t\t\t\t\t<\/a>\n\t\t\t\t<\/div>\n\t\t\t\t\t\t\t\t<\/div>\n\t\t\t\t<\/div>\n\t\t\t\t<div class=\"elementor-element elementor-element-005166a elementor-widget elementor-widget-button\" data-id=\"005166a\" data-element_type=\"widget\" data-e-type=\"widget\" data-widget_type=\"button.default\">\n\t\t\t\t<div class=\"elementor-widget-container\">\n\t\t\t\t\t\t\t\t\t<div class=\"elementor-button-wrapper\">\n\t\t\t\t\t<a class=\"elementor-button elementor-button-link elementor-size-sm\" href=\"https:\/\/autopot-france.com\/wp-content\/uploads\/sites\/3\/2021\/03\/AutoPot_Growers_Guides_Potting_Up.pdf\" target=\"_blank\">\n\t\t\t\t\t\t<span class=\"elementor-button-content-wrapper\">\n\t\t\t\t\t\t<span class=\"elementor-button-icon\">\n\t\t\t\t<i aria-hidden=\"true\" class=\"icon icon-download\"><\/i>\t\t\t<\/span>\n\t\t\t\t\t\t\t\t\t<span class=\"elementor-button-text\">Guide d'empotage<\/span>\n\t\t\t\t\t<\/span>\n\t\t\t\t\t<\/a>\n\t\t\t\t<\/div>\n\t\t\t\t\t\t\t\t<\/div>\n\t\t\t\t<\/div>\n\t\t\t\t<div class=\"elementor-element elementor-element-49a64a4 elementor-widget elementor-widget-button\" data-id=\"49a64a4\" data-element_type=\"widget\" data-e-type=\"widget\" data-widget_type=\"button.default\">\n\t\t\t\t<div class=\"elementor-widget-container\">\n\t\t\t\t\t\t\t\t\t<div class=\"elementor-button-wrapper\">\n\t\t\t\t\t<a class=\"elementor-button elementor-button-link elementor-size-sm\" href=\"https:\/\/autopot-france.com\/wp-content\/uploads\/sites\/3\/2021\/03\/AutoPot_Growers_Guides_Propagation.pdf\" target=\"_blank\">\n\t\t\t\t\t\t<span class=\"elementor-button-content-wrapper\">\n\t\t\t\t\t\t<span class=\"elementor-button-icon\">\n\t\t\t\t<i aria-hidden=\"true\" class=\"icon icon-download\"><\/i>\t\t\t<\/span>\n\t\t\t\t\t\t\t\t\t<span class=\"elementor-button-text\">Guide de propagation<\/span>\n\t\t\t\t\t<\/span>\n\t\t\t\t\t<\/a>\n\t\t\t\t<\/div>\n\t\t\t\t\t\t\t\t<\/div>\n\t\t\t\t<\/div>\n\t\t\t\t<div class=\"elementor-element elementor-element-a7f1520 elementor-widget elementor-widget-button\" data-id=\"a7f1520\" data-element_type=\"widget\" data-e-type=\"widget\" data-widget_type=\"button.default\">\n\t\t\t\t<div class=\"elementor-widget-container\">\n\t\t\t\t\t\t\t\t\t<div class=\"elementor-button-wrapper\">\n\t\t\t\t\t<a class=\"elementor-button elementor-button-link elementor-size-sm\" href=\"https:\/\/autopot-france.com\/wp-content\/uploads\/sites\/3\/2021\/03\/AutoPot_Growers_Guides_System_Maintenance_Reservoirs_and_Water.pdf\" target=\"_blank\">\n\t\t\t\t\t\t<span class=\"elementor-button-content-wrapper\">\n\t\t\t\t\t\t<span class=\"elementor-button-icon\">\n\t\t\t\t<i aria-hidden=\"true\" class=\"icon icon-download\"><\/i>\t\t\t<\/span>\n\t\t\t\t\t\t\t\t\t<span class=\"elementor-button-text\">R\u00e9servoirs et eau d\u2019entretien du syst\u00e8me<\/span>\n\t\t\t\t\t<\/span>\n\t\t\t\t\t<\/a>\n\t\t\t\t<\/div>\n\t\t\t\t\t\t\t\t<\/div>\n\t\t\t\t<\/div>\n\t\t\t\t\t<\/div>\n\t\t<\/div>\n\t\t\t\t<div class=\"elementor-column elementor-col-50 elementor-top-column elementor-element elementor-element-5df4cf1\" data-id=\"5df4cf1\" data-element_type=\"column\" data-e-type=\"column\">\n\t\t\t<div class=\"elementor-widget-wrap elementor-element-populated\">\n\t\t\t\t\t\t<div class=\"elementor-element elementor-element-d5ff817 elementor-widget elementor-widget-shortcode\" data-id=\"d5ff817\" data-element_type=\"widget\" data-e-type=\"widget\" data-widget_type=\"shortcode.default\">\n\t\t\t\t<div class=\"elementor-widget-container\">\n\t\t\t\t\t\t\t<div class=\"elementor-shortcode\">[dflip id=\"64150\" ][\/dflip]<\/div>\n\t\t\t\t\t\t<\/div>\n\t\t\t\t<\/div>\n\t\t\t\t\t<\/div>\n\t\t<\/div>\n\t\t\t\t\t<\/div>\n\t\t<\/section>\n\t\t\t\t<\/div>\n\t\t","protected":false},"excerpt":{"rendered":"<p>Guides de culture AutoPot Ci-dessous, vous pouvez consulter et t\u00e9l\u00e9charger tous nos guides de culture. Guide complet Informations nutritionnelles Guide d&#8217;empotage Guide de propagation R\u00e9servoirs et eau d\u2019entretien du syst\u00e8me [dflip id=&#8221;64150&#8243; ][\/dflip]<\/p>\n","protected":false},"author":2,"featured_media":0,"parent":0,"menu_order":0,"comment_status":"closed","ping_status":"closed","template":"","meta":{"_acf_changed":false,"jetpack_post_was_ever_published":false,"footnotes":""},"class_list":["post-59668","page","type-page","status-publish","hentry"],"acf":[],"yoast_head":"<!-- This site is optimized with the Yoast SEO Premium plugin v21.4 (Yoast SEO v27.3) - https:\/\/yoast.com\/product\/yoast-seo-premium-wordpress\/ -->\n<title>Guides de culture AutoPot - Syst\u00e8mes d&#039;arrosage AutoPot France<\/title>\n<meta name=\"description\" content=\"Vous trouverez ici tous les guides de culture d&#039;AutoPot France, des guides complets, des informations nutritionnelles. guides d&#039;empotage, guide de propagation et plus\" \/>\n<meta name=\"robots\" content=\"index, follow, max-snippet:-1, max-image-preview:large, max-video-preview:-1\" \/>\n<link rel=\"canonical\" href=\"https:\/\/autopot-france.com\/specialiste\/guides-de-culture-autopot\/\" \/>\n<meta property=\"og:locale\" content=\"fr_FR\" \/>\n<meta property=\"og:type\" content=\"article\" \/>\n<meta property=\"og:title\" content=\"Guides de culture AutoPot\" \/>\n<meta property=\"og:description\" content=\"Vous trouverez ici tous les guides de culture d&#039;AutoPot France, des guides complets, des informations nutritionnelles. guides d&#039;empotage, guide de propagation et plus\" \/>\n<meta property=\"og:url\" content=\"https:\/\/autopot-france.com\/specialiste\/guides-de-culture-autopot\/\" \/>\n<meta property=\"og:site_name\" content=\"Syst\u00e8mes d&#039;arrosage AutoPot France\" \/>\n<meta property=\"article:modified_time\" content=\"2023-10-24T07:37:18+00:00\" \/>\n<meta name=\"twitter:card\" content=\"summary_large_image\" \/>\n<meta name=\"twitter:label1\" content=\"Dur\u00e9e de lecture estim\u00e9e\" \/>\n\t<meta name=\"twitter:data1\" content=\"1 minute\" \/>\n<script type=\"application\/ld+json\" class=\"yoast-schema-graph\">{\"@context\":\"https:\\\/\\\/schema.org\",\"@graph\":[{\"@type\":\"WebPage\",\"@id\":\"https:\\\/\\\/autopot-france.com\\\/specialiste\\\/guides-de-culture-autopot\\\/\",\"url\":\"https:\\\/\\\/autopot-france.com\\\/specialiste\\\/guides-de-culture-autopot\\\/\",\"name\":\"Guides de culture AutoPot - Syst\u00e8mes d&#039;arrosage AutoPot France\",\"isPartOf\":{\"@id\":\"https:\\\/\\\/autopot-france.com\\\/specialiste\\\/#website\"},\"datePublished\":\"2021-03-23T12:36:48+00:00\",\"dateModified\":\"2023-10-24T07:37:18+00:00\",\"description\":\"Vous trouverez ici tous les guides de culture d'AutoPot France, des guides complets, des informations nutritionnelles. guides d'empotage, guide de propagation et plus\",\"breadcrumb\":{\"@id\":\"https:\\\/\\\/autopot-france.com\\\/specialiste\\\/guides-de-culture-autopot\\\/#breadcrumb\"},\"inLanguage\":\"fr-FR\",\"potentialAction\":[{\"@type\":\"ReadAction\",\"target\":[\"https:\\\/\\\/autopot-france.com\\\/specialiste\\\/guides-de-culture-autopot\\\/\"]}]},{\"@type\":\"BreadcrumbList\",\"@id\":\"https:\\\/\\\/autopot-france.com\\\/specialiste\\\/guides-de-culture-autopot\\\/#breadcrumb\",\"itemListElement\":[{\"@type\":\"ListItem\",\"position\":1,\"name\":\"Home\",\"item\":\"https:\\\/\\\/autopot-france.com\\\/specialiste\\\/\"},{\"@type\":\"ListItem\",\"position\":2,\"name\":\"Guides de culture AutoPot\"}]},{\"@type\":\"WebSite\",\"@id\":\"https:\\\/\\\/autopot-france.com\\\/specialiste\\\/#website\",\"url\":\"https:\\\/\\\/autopot-france.com\\\/specialiste\\\/\",\"name\":\"Syst\u00e8mes d&#039;arrosage AutoPot France\",\"description\":\"Syst\u00e8mes d&#039;arrosage commerciaux, domestiques, ext\u00e9rieurs, de serre, d&#039;int\u00e9rieur et de terrain\",\"potentialAction\":[{\"@type\":\"SearchAction\",\"target\":{\"@type\":\"EntryPoint\",\"urlTemplate\":\"https:\\\/\\\/autopot-france.com\\\/specialiste\\\/?s={search_term_string}\"},\"query-input\":{\"@type\":\"PropertyValueSpecification\",\"valueRequired\":true,\"valueName\":\"search_term_string\"}}],\"inLanguage\":\"fr-FR\"}]}<\/script>\n<!-- \/ Yoast SEO Premium plugin. -->","yoast_head_json":{"title":"Guides de culture AutoPot - Syst\u00e8mes d&#039;arrosage AutoPot France","description":"Vous trouverez ici tous les guides de culture d'AutoPot France, des guides complets, des informations nutritionnelles. guides d'empotage, guide de propagation et plus","robots":{"index":"index","follow":"follow","max-snippet":"max-snippet:-1","max-image-preview":"max-image-preview:large","max-video-preview":"max-video-preview:-1"},"canonical":"https:\/\/autopot-france.com\/specialiste\/guides-de-culture-autopot\/","og_locale":"fr_FR","og_type":"article","og_title":"Guides de culture AutoPot","og_description":"Vous trouverez ici tous les guides de culture d'AutoPot France, des guides complets, des informations nutritionnelles. guides d'empotage, guide de propagation et plus","og_url":"https:\/\/autopot-france.com\/specialiste\/guides-de-culture-autopot\/","og_site_name":"Syst\u00e8mes d&#039;arrosage AutoPot France","article_modified_time":"2023-10-24T07:37:18+00:00","twitter_card":"summary_large_image","twitter_misc":{"Dur\u00e9e de lecture estim\u00e9e":"1 minute"},"schema":{"@context":"https:\/\/schema.org","@graph":[{"@type":"WebPage","@id":"https:\/\/autopot-france.com\/specialiste\/guides-de-culture-autopot\/","url":"https:\/\/autopot-france.com\/specialiste\/guides-de-culture-autopot\/","name":"Guides de culture AutoPot - Syst\u00e8mes d&#039;arrosage AutoPot France","isPartOf":{"@id":"https:\/\/autopot-france.com\/specialiste\/#website"},"datePublished":"2021-03-23T12:36:48+00:00","dateModified":"2023-10-24T07:37:18+00:00","description":"Vous trouverez ici tous les guides de culture d'AutoPot France, des guides complets, des informations nutritionnelles. guides d'empotage, guide de propagation et plus","breadcrumb":{"@id":"https:\/\/autopot-france.com\/specialiste\/guides-de-culture-autopot\/#breadcrumb"},"inLanguage":"fr-FR","potentialAction":[{"@type":"ReadAction","target":["https:\/\/autopot-france.com\/specialiste\/guides-de-culture-autopot\/"]}]},{"@type":"BreadcrumbList","@id":"https:\/\/autopot-france.com\/specialiste\/guides-de-culture-autopot\/#breadcrumb","itemListElement":[{"@type":"ListItem","position":1,"name":"Home","item":"https:\/\/autopot-france.com\/specialiste\/"},{"@type":"ListItem","position":2,"name":"Guides de culture AutoPot"}]},{"@type":"WebSite","@id":"https:\/\/autopot-france.com\/specialiste\/#website","url":"https:\/\/autopot-france.com\/specialiste\/","name":"Syst\u00e8mes d&#039;arrosage AutoPot France","description":"Syst\u00e8mes d&#039;arrosage commerciaux, domestiques, ext\u00e9rieurs, de serre, d&#039;int\u00e9rieur et de terrain","potentialAction":[{"@type":"SearchAction","target":{"@type":"EntryPoint","urlTemplate":"https:\/\/autopot-france.com\/specialiste\/?s={search_term_string}"},"query-input":{"@type":"PropertyValueSpecification","valueRequired":true,"valueName":"search_term_string"}}],"inLanguage":"fr-FR"}]}},"jetpack_sharing_enabled":true,"_links":{"self":[{"href":"https:\/\/autopot-france.com\/specialiste\/wp-json\/wp\/v2\/pages\/59668","targetHints":{"allow":["GET"]}}],"collection":[{"href":"https:\/\/autopot-france.com\/specialiste\/wp-json\/wp\/v2\/pages"}],"about":[{"href":"https:\/\/autopot-france.com\/specialiste\/wp-json\/wp\/v2\/types\/page"}],"author":[{"embeddable":true,"href":"https:\/\/autopot-france.com\/specialiste\/wp-json\/wp\/v2\/users\/2"}],"replies":[{"embeddable":true,"href":"https:\/\/autopot-france.com\/specialiste\/wp-json\/wp\/v2\/comments?post=59668"}],"version-history":[{"count":5,"href":"https:\/\/autopot-france.com\/specialiste\/wp-json\/wp\/v2\/pages\/59668\/revisions"}],"predecessor-version":[{"id":71974,"href":"https:\/\/autopot-france.com\/specialiste\/wp-json\/wp\/v2\/pages\/59668\/revisions\/71974"}],"wp:attachment":[{"href":"https:\/\/autopot-france.com\/specialiste\/wp-json\/wp\/v2\/media?parent=59668"}],"curies":[{"name":"wp","href":"https:\/\/api.w.org\/{rel}","templated":true}]}}