{"id":71185,"date":"2023-07-31T09:51:41","date_gmt":"2023-07-31T09:51:41","guid":{"rendered":"https:\/\/autopot-france.com\/specialiste\/?page_id=71185"},"modified":"2023-10-24T07:55:59","modified_gmt":"2023-10-24T07:55:59","slug":"cultures-en-serre","status":"publish","type":"page","link":"https:\/\/autopot-france.com\/specialiste\/graphiques-de-flux\/cultures-en-serre\/","title":{"rendered":"Cultures en serre"},"content":{"rendered":"\t\t<div data-elementor-type=\"wp-page\" data-elementor-id=\"71185\" class=\"elementor elementor-71185\" data-elementor-post-type=\"page\">\n\t\t\t\t\t\t<section class=\"elementor-section elementor-top-section elementor-element elementor-element-48a0be8 elementor-section-boxed elementor-section-height-default elementor-section-height-default\" data-id=\"48a0be8\" data-element_type=\"section\" data-e-type=\"section\" data-settings=\"{&quot;background_background&quot;:&quot;classic&quot;}\">\n\t\t\t\t\t\t<div class=\"elementor-container elementor-column-gap-default\">\n\t\t\t\t\t<div class=\"elementor-column elementor-col-100 elementor-top-column elementor-element elementor-element-9ae4b7e\" data-id=\"9ae4b7e\" data-element_type=\"column\" data-e-type=\"column\">\n\t\t\t<div class=\"elementor-widget-wrap elementor-element-populated\">\n\t\t\t\t\t\t<div class=\"elementor-element elementor-element-b202c8c elementor-widget elementor-widget-heading\" data-id=\"b202c8c\" data-element_type=\"widget\" data-e-type=\"widget\" data-widget_type=\"heading.default\">\n\t\t\t\t<div class=\"elementor-widget-container\">\n\t\t\t\t\t<h1 class=\"elementor-heading-title elementor-size-default\">Cultures en serre<\/h1>\t\t\t\t<\/div>\n\t\t\t\t<\/div>\n\t\t\t\t\t<\/div>\n\t\t<\/div>\n\t\t\t\t\t<\/div>\n\t\t<\/section>\n\t\t\t\t<section class=\"elementor-section elementor-top-section elementor-element elementor-element-6e8e895 elementor-section-boxed elementor-section-height-default elementor-section-height-default\" data-id=\"6e8e895\" data-element_type=\"section\" data-e-type=\"section\">\n\t\t\t\t\t\t<div class=\"elementor-container elementor-column-gap-default\">\n\t\t\t\t\t<div class=\"elementor-column elementor-col-50 elementor-top-column elementor-element elementor-element-cf0f96f\" data-id=\"cf0f96f\" data-element_type=\"column\" data-e-type=\"column\">\n\t\t\t<div class=\"elementor-widget-wrap elementor-element-populated\">\n\t\t\t\t\t\t<div class=\"elementor-element elementor-element-664ceb8 elementor-widget elementor-widget-heading\" data-id=\"664ceb8\" data-element_type=\"widget\" data-e-type=\"widget\" data-widget_type=\"heading.default\">\n\t\t\t\t<div class=\"elementor-widget-container\">\n\t\t\t\t\t<h2 class=\"elementor-heading-title elementor-size-default\">S\u00e9lectionnez votre graphique de flux<\/h2>\t\t\t\t<\/div>\n\t\t\t\t<\/div>\n\t\t\t\t<div class=\"elementor-element elementor-element-15605eb elementor-widget-divider--view-line elementor-widget elementor-widget-divider\" data-id=\"15605eb\" data-element_type=\"widget\" data-e-type=\"widget\" data-widget_type=\"divider.default\">\n\t\t\t\t<div class=\"elementor-widget-container\">\n\t\t\t\t\t\t\t<div class=\"elementor-divider\">\n\t\t\t<span class=\"elementor-divider-separator\">\n\t\t\t\t\t\t<\/span>\n\t\t<\/div>\n\t\t\t\t\t\t<\/div>\n\t\t\t\t<\/div>\n\t\t\t\t<div class=\"elementor-element elementor-element-58c207e elementor-widget elementor-widget-text-editor\" data-id=\"58c207e\" data-element_type=\"widget\" data-e-type=\"widget\" data-widget_type=\"text-editor.default\">\n\t\t\t\t<div class=\"elementor-widget-container\">\n\t\t\t\t\t\t\t\t\t<p>Tous les graphiques de flux s&#8217;ouvrent dans un nouvel onglet.<\/p>\t\t\t\t\t\t\t\t<\/div>\n\t\t\t\t<\/div>\n\t\t\t\t<div class=\"elementor-element elementor-element-1acb764 elementor-widget elementor-widget-button\" data-id=\"1acb764\" data-element_type=\"widget\" data-e-type=\"widget\" data-widget_type=\"button.default\">\n\t\t\t\t<div class=\"elementor-widget-container\">\n\t\t\t\t\t\t\t\t\t<div class=\"elementor-button-wrapper\">\n\t\t\t\t\t<a class=\"elementor-button elementor-button-link elementor-size-sm\" href=\"https:\/\/sourcefertiliser.com\/wp-content\/uploads\/sites\/3\/2022\/06\/Source-Nutrient-Feed-Charts-Greenhouse-Growth.pdf\" target=\"_blank\" rel=\"noopener\">\n\t\t\t\t\t\t<span class=\"elementor-button-content-wrapper\">\n\t\t\t\t\t\t\t\t\t<span class=\"elementor-button-text\">Croissance en serre<\/span>\n\t\t\t\t\t<\/span>\n\t\t\t\t\t<\/a>\n\t\t\t\t<\/div>\n\t\t\t\t\t\t\t\t<\/div>\n\t\t\t\t<\/div>\n\t\t\t\t<div class=\"elementor-element elementor-element-ead03f5 elementor-widget elementor-widget-button\" data-id=\"ead03f5\" data-element_type=\"widget\" data-e-type=\"widget\" data-widget_type=\"button.default\">\n\t\t\t\t<div class=\"elementor-widget-container\">\n\t\t\t\t\t\t\t\t\t<div class=\"elementor-button-wrapper\">\n\t\t\t\t\t<a class=\"elementor-button elementor-button-link elementor-size-sm\" href=\"https:\/\/sourcefertiliser.com\/wp-content\/uploads\/sites\/3\/2022\/06\/Source-Nutrient-Feed-Charts-Greenhouse-Flower.pdf\" target=\"_blank\" rel=\"noopener\">\n\t\t\t\t\t\t<span class=\"elementor-button-content-wrapper\">\n\t\t\t\t\t\t\t\t\t<span class=\"elementor-button-text\">Fleur de serre<\/span>\n\t\t\t\t\t<\/span>\n\t\t\t\t\t<\/a>\n\t\t\t\t<\/div>\n\t\t\t\t\t\t\t\t<\/div>\n\t\t\t\t<\/div>\n\t\t\t\t\t<\/div>\n\t\t<\/div>\n\t\t\t\t<div class=\"elementor-column elementor-col-50 elementor-top-column elementor-element elementor-element-161e17c\" data-id=\"161e17c\" data-element_type=\"column\" data-e-type=\"column\">\n\t\t\t<div class=\"elementor-widget-wrap elementor-element-populated\">\n\t\t\t\t\t\t<div class=\"elementor-element elementor-element-9016e2d elementor-widget elementor-widget-text-editor\" data-id=\"9016e2d\" data-element_type=\"widget\" data-e-type=\"widget\" data-widget_type=\"text-editor.default\">\n\t\t\t\t<div class=\"elementor-widget-container\">\n\t\t\t\t\t\t\t\t\t<p>Ces tableaux d&#8217;alimentation conviennent aux tomates, concombres, piments, aubergines, melons et bien plus encore.<\/p><p>Utilisez le tableau d\u2019alimentation Croissance en serre pour le stade v\u00e9g\u00e9tatif.<\/p><p>D\u00e8s que vous voyez la formation de fleurs, passez au tableau d\u2019alimentation Fleurs de serre<\/p>\t\t\t\t\t\t\t\t<\/div>\n\t\t\t\t<\/div>\n\t\t\t\t\t<\/div>\n\t\t<\/div>\n\t\t\t\t\t<\/div>\n\t\t<\/section>\n\t\t\t\t<\/div>\n\t\t","protected":false},"excerpt":{"rendered":"<p>Cultures en serre S\u00e9lectionnez votre graphique de flux Tous les graphiques de flux s&#8217;ouvrent dans un nouvel onglet. Croissance en serre Fleur de serre Ces tableaux d&#8217;alimentation conviennent aux tomates, concombres, piments, aubergines, melons et bien plus encore. Utilisez le tableau d\u2019alimentation Croissance en serre pour le stade v\u00e9g\u00e9tatif. D\u00e8s que vous voyez la formation [&hellip;]<\/p>\n","protected":false},"author":2,"featured_media":0,"parent":71183,"menu_order":0,"comment_status":"closed","ping_status":"closed","template":"","meta":{"_acf_changed":false,"jetpack_post_was_ever_published":false,"footnotes":""},"class_list":["post-71185","page","type-page","status-publish","hentry"],"acf":[],"yoast_head":"<!-- This site is optimized with the Yoast SEO Premium plugin v21.4 (Yoast SEO v27.4) - https:\/\/yoast.com\/product\/yoast-seo-premium-wordpress\/ -->\n<title>Cultures en serre - Syst\u00e8mes d&#039;arrosage AutoPot France<\/title>\n<meta name=\"robots\" content=\"index, follow, max-snippet:-1, max-image-preview:large, max-video-preview:-1\" \/>\n<link rel=\"canonical\" href=\"https:\/\/autopot-france.com\/specialiste\/graphiques-de-flux\/cultures-en-serre\/\" \/>\n<meta property=\"og:locale\" content=\"fr_FR\" \/>\n<meta property=\"og:type\" content=\"article\" \/>\n<meta property=\"og:title\" content=\"Cultures en serre\" \/>\n<meta property=\"og:description\" content=\"Cultures en serre S\u00e9lectionnez votre graphique de flux Tous les graphiques de flux s&#8217;ouvrent dans un nouvel onglet. Croissance en serre Fleur de serre Ces tableaux d&#8217;alimentation conviennent aux tomates, concombres, piments, aubergines, melons et bien plus encore. Utilisez le tableau d\u2019alimentation Croissance en serre pour le stade v\u00e9g\u00e9tatif. D\u00e8s que vous voyez la formation [&hellip;]\" \/>\n<meta property=\"og:url\" content=\"https:\/\/autopot-france.com\/specialiste\/graphiques-de-flux\/cultures-en-serre\/\" \/>\n<meta property=\"og:site_name\" content=\"Syst\u00e8mes d&#039;arrosage AutoPot France\" \/>\n<meta property=\"article:modified_time\" content=\"2023-10-24T07:55:59+00:00\" \/>\n<meta name=\"twitter:card\" content=\"summary_large_image\" \/>\n<meta name=\"twitter:label1\" content=\"Dur\u00e9e de lecture estim\u00e9e\" \/>\n\t<meta name=\"twitter:data1\" content=\"1 minute\" \/>\n<script type=\"application\/ld+json\" class=\"yoast-schema-graph\">{\"@context\":\"https:\\\/\\\/schema.org\",\"@graph\":[{\"@type\":\"WebPage\",\"@id\":\"https:\\\/\\\/autopot-france.com\\\/specialiste\\\/graphiques-de-flux\\\/cultures-en-serre\\\/\",\"url\":\"https:\\\/\\\/autopot-france.com\\\/specialiste\\\/graphiques-de-flux\\\/cultures-en-serre\\\/\",\"name\":\"Cultures en serre - Syst\u00e8mes d&#039;arrosage AutoPot France\",\"isPartOf\":{\"@id\":\"https:\\\/\\\/autopot-france.com\\\/specialiste\\\/#website\"},\"datePublished\":\"2023-07-31T09:51:41+00:00\",\"dateModified\":\"2023-10-24T07:55:59+00:00\",\"breadcrumb\":{\"@id\":\"https:\\\/\\\/autopot-france.com\\\/specialiste\\\/graphiques-de-flux\\\/cultures-en-serre\\\/#breadcrumb\"},\"inLanguage\":\"fr-FR\",\"potentialAction\":[{\"@type\":\"ReadAction\",\"target\":[\"https:\\\/\\\/autopot-france.com\\\/specialiste\\\/graphiques-de-flux\\\/cultures-en-serre\\\/\"]}]},{\"@type\":\"BreadcrumbList\",\"@id\":\"https:\\\/\\\/autopot-france.com\\\/specialiste\\\/graphiques-de-flux\\\/cultures-en-serre\\\/#breadcrumb\",\"itemListElement\":[{\"@type\":\"ListItem\",\"position\":1,\"name\":\"Home\",\"item\":\"https:\\\/\\\/autopot-france.com\\\/specialiste\\\/\"},{\"@type\":\"ListItem\",\"position\":2,\"name\":\"Graphiques de flux\",\"item\":\"https:\\\/\\\/autopot-france.com\\\/specialiste\\\/graphiques-de-flux\\\/\"},{\"@type\":\"ListItem\",\"position\":3,\"name\":\"Cultures en serre\"}]},{\"@type\":\"WebSite\",\"@id\":\"https:\\\/\\\/autopot-france.com\\\/specialiste\\\/#website\",\"url\":\"https:\\\/\\\/autopot-france.com\\\/specialiste\\\/\",\"name\":\"Syst\u00e8mes d&#039;arrosage AutoPot France\",\"description\":\"Syst\u00e8mes d&#039;arrosage commerciaux, domestiques, ext\u00e9rieurs, de serre, d&#039;int\u00e9rieur et de terrain\",\"potentialAction\":[{\"@type\":\"SearchAction\",\"target\":{\"@type\":\"EntryPoint\",\"urlTemplate\":\"https:\\\/\\\/autopot-france.com\\\/specialiste\\\/?s={search_term_string}\"},\"query-input\":{\"@type\":\"PropertyValueSpecification\",\"valueRequired\":true,\"valueName\":\"search_term_string\"}}],\"inLanguage\":\"fr-FR\"}]}<\/script>\n<!-- \/ Yoast SEO Premium plugin. -->","yoast_head_json":{"title":"Cultures en serre - Syst\u00e8mes d&#039;arrosage AutoPot France","robots":{"index":"index","follow":"follow","max-snippet":"max-snippet:-1","max-image-preview":"max-image-preview:large","max-video-preview":"max-video-preview:-1"},"canonical":"https:\/\/autopot-france.com\/specialiste\/graphiques-de-flux\/cultures-en-serre\/","og_locale":"fr_FR","og_type":"article","og_title":"Cultures en serre","og_description":"Cultures en serre S\u00e9lectionnez votre graphique de flux Tous les graphiques de flux s&#8217;ouvrent dans un nouvel onglet. Croissance en serre Fleur de serre Ces tableaux d&#8217;alimentation conviennent aux tomates, concombres, piments, aubergines, melons et bien plus encore. Utilisez le tableau d\u2019alimentation Croissance en serre pour le stade v\u00e9g\u00e9tatif. D\u00e8s que vous voyez la formation [&hellip;]","og_url":"https:\/\/autopot-france.com\/specialiste\/graphiques-de-flux\/cultures-en-serre\/","og_site_name":"Syst\u00e8mes d&#039;arrosage AutoPot France","article_modified_time":"2023-10-24T07:55:59+00:00","twitter_card":"summary_large_image","twitter_misc":{"Dur\u00e9e de lecture estim\u00e9e":"1 minute"},"schema":{"@context":"https:\/\/schema.org","@graph":[{"@type":"WebPage","@id":"https:\/\/autopot-france.com\/specialiste\/graphiques-de-flux\/cultures-en-serre\/","url":"https:\/\/autopot-france.com\/specialiste\/graphiques-de-flux\/cultures-en-serre\/","name":"Cultures en serre - Syst\u00e8mes d&#039;arrosage AutoPot France","isPartOf":{"@id":"https:\/\/autopot-france.com\/specialiste\/#website"},"datePublished":"2023-07-31T09:51:41+00:00","dateModified":"2023-10-24T07:55:59+00:00","breadcrumb":{"@id":"https:\/\/autopot-france.com\/specialiste\/graphiques-de-flux\/cultures-en-serre\/#breadcrumb"},"inLanguage":"fr-FR","potentialAction":[{"@type":"ReadAction","target":["https:\/\/autopot-france.com\/specialiste\/graphiques-de-flux\/cultures-en-serre\/"]}]},{"@type":"BreadcrumbList","@id":"https:\/\/autopot-france.com\/specialiste\/graphiques-de-flux\/cultures-en-serre\/#breadcrumb","itemListElement":[{"@type":"ListItem","position":1,"name":"Home","item":"https:\/\/autopot-france.com\/specialiste\/"},{"@type":"ListItem","position":2,"name":"Graphiques de flux","item":"https:\/\/autopot-france.com\/specialiste\/graphiques-de-flux\/"},{"@type":"ListItem","position":3,"name":"Cultures en serre"}]},{"@type":"WebSite","@id":"https:\/\/autopot-france.com\/specialiste\/#website","url":"https:\/\/autopot-france.com\/specialiste\/","name":"Syst\u00e8mes d&#039;arrosage AutoPot France","description":"Syst\u00e8mes d&#039;arrosage commerciaux, domestiques, ext\u00e9rieurs, de serre, d&#039;int\u00e9rieur et de terrain","potentialAction":[{"@type":"SearchAction","target":{"@type":"EntryPoint","urlTemplate":"https:\/\/autopot-france.com\/specialiste\/?s={search_term_string}"},"query-input":{"@type":"PropertyValueSpecification","valueRequired":true,"valueName":"search_term_string"}}],"inLanguage":"fr-FR"}]}},"jetpack_sharing_enabled":true,"_links":{"self":[{"href":"https:\/\/autopot-france.com\/specialiste\/wp-json\/wp\/v2\/pages\/71185","targetHints":{"allow":["GET"]}}],"collection":[{"href":"https:\/\/autopot-france.com\/specialiste\/wp-json\/wp\/v2\/pages"}],"about":[{"href":"https:\/\/autopot-france.com\/specialiste\/wp-json\/wp\/v2\/types\/page"}],"author":[{"embeddable":true,"href":"https:\/\/autopot-france.com\/specialiste\/wp-json\/wp\/v2\/users\/2"}],"replies":[{"embeddable":true,"href":"https:\/\/autopot-france.com\/specialiste\/wp-json\/wp\/v2\/comments?post=71185"}],"version-history":[{"count":5,"href":"https:\/\/autopot-france.com\/specialiste\/wp-json\/wp\/v2\/pages\/71185\/revisions"}],"predecessor-version":[{"id":71989,"href":"https:\/\/autopot-france.com\/specialiste\/wp-json\/wp\/v2\/pages\/71185\/revisions\/71989"}],"up":[{"embeddable":true,"href":"https:\/\/autopot-france.com\/specialiste\/wp-json\/wp\/v2\/pages\/71183"}],"wp:attachment":[{"href":"https:\/\/autopot-france.com\/specialiste\/wp-json\/wp\/v2\/media?parent=71185"}],"curies":[{"name":"wp","href":"https:\/\/api.w.org\/{rel}","templated":true}]}}