{"id":273,"date":"2020-10-10T12:15:26","date_gmt":"2020-10-10T10:15:26","guid":{"rendered":"https:\/\/autopot-france.com\/specialiste\/product\/import-placeholder-for-130\/"},"modified":"2023-10-25T11:27:38","modified_gmt":"2023-10-25T09:27:38","slug":"biotabs-starter-pack","status":"publish","type":"product","link":"https:\/\/autopot-france.com\/specialiste\/all-products\/tous-les-engrais\/les-engrais\/biotabs\/biotabs-starter-pack\/","title":{"rendered":"BioTabs Starter Pack"},"content":{"rendered":"<p>Le pack de d\u00e9marrage BioTabs contient suffisamment d&#8217;engrais pour nourrir 5 plantes depuis la propagation jusqu&#8217;\u00e0 la r\u00e9colte. M\u00e9langez simplement l&#8217;engrais organique dans votre substrat de culture, ajoutez les champignons et les bact\u00e9ries b\u00e9n\u00e9fiques, activez les ingr\u00e9dients avec un arrosage de liquide BioTabs et c&#8217;est parti.<\/p>\n<p><strong>Chaque kit de d\u00e9marrage comprend\u00a0:<\/strong ><\/p>\n<ul>\n<li>Bactrex\u00a0: 25 grammes<\/li>\n<li>Mycotrex\u00a0: 50 grammes<\/li>\n<li>BioTabs\u00a0: 10 comprim\u00e9s< \/li>\n<li>Orgatrex\u00a0: 0,25 Litre<\/li>\n<li>Startrex\u00a0: 250 grammes<\/li>\n<\/ul>\n<h5>ATTENTION< \/h5><\/p>\n<p>Garder au frais et au sec. Tenir hors de port\u00e9e des enfants. Ne convient pas \u00e0 la consommation.<\/p>\n","protected":false},"excerpt":{"rendered":"<p>L&#8217;engrais organique et les auxiliaires travaillent ensemble\u00a0; cr\u00e9ant une zone racinaire saine et de la nourriture pour vos plantes.<\/p>\n","protected":false},"featured_media":56603,"comment_status":"open","ping_status":"closed","template":"","meta":{"_acf_changed":false,"jetpack_post_was_ever_published":false},"product_brand":[],"product_cat":[39],"product_tag":[],"class_list":{"0":"post-273","1":"product","2":"type-product","3":"status-publish","4":"has-post-thumbnail","6":"product_cat-biotabs","8":"first","9":"instock","10":"taxable","11":"shipping-taxable","12":"purchasable","13":"product-type-simple"},"acf":[],"yoast_head":"<!-- This site is optimized with the Yoast SEO Premium plugin v21.4 (Yoast SEO v27.3) - https:\/\/yoast.com\/product\/yoast-seo-premium-wordpress\/ -->\n<title>BioTabs Starter Pack - Syst\u00e8mes d&#039;arrosage AutoPot France<\/title>\n<meta name=\"description\" content=\"The BioTabs Starter Pack contains enough fertiliser to feed 5 plants from propagation all the way through to harvest. Simply mix the organic fertiliser\" \/>\n<meta name=\"robots\" content=\"index, follow, max-snippet:-1, max-image-preview:large, max-video-preview:-1\" \/>\n<link rel=\"canonical\" href=\"https:\/\/autopot-france.com\/specialiste\/all-products\/tous-les-engrais\/les-engrais\/biotabs\/biotabs-starter-pack\/\" \/>\n<meta property=\"og:locale\" content=\"fr_FR\" \/>\n<meta property=\"og:type\" content=\"article\" \/>\n<meta property=\"og:title\" content=\"BioTabs Starter Pack\" \/>\n<meta property=\"og:description\" content=\"The BioTabs Starter Pack contains enough fertiliser to feed 5 plants from propagation all the way through to harvest. Simply mix the organic fertiliser\" \/>\n<meta property=\"og:url\" content=\"https:\/\/autopot-france.com\/specialiste\/all-products\/tous-les-engrais\/les-engrais\/biotabs\/biotabs-starter-pack\/\" \/>\n<meta property=\"og:site_name\" content=\"Syst\u00e8mes d&#039;arrosage AutoPot France\" \/>\n<meta property=\"article:modified_time\" content=\"2023-10-25T09:27:38+00:00\" \/>\n<meta property=\"og:image\" content=\"https:\/\/autopot-france.com\/specialiste\/wp-content\/uploads\/sites\/3\/2020\/12\/biotabs-open-box.jpg\" \/>\n\t<meta property=\"og:image:width\" content=\"480\" \/>\n\t<meta property=\"og:image:height\" content=\"493\" \/>\n\t<meta property=\"og:image:type\" content=\"image\/jpeg\" \/>\n<meta name=\"twitter:card\" content=\"summary_large_image\" \/>\n<meta name=\"twitter:label1\" content=\"Dur\u00e9e de lecture estim\u00e9e\" \/>\n\t<meta name=\"twitter:data1\" content=\"1 minute\" \/>\n<script type=\"application\/ld+json\" class=\"yoast-schema-graph\">{\"@context\":\"https:\\\/\\\/schema.org\",\"@graph\":[{\"@type\":\"WebPage\",\"@id\":\"https:\\\/\\\/autopot-france.com\\\/specialiste\\\/all-products\\\/tous-les-engrais\\\/les-engrais\\\/biotabs\\\/biotabs-starter-pack\\\/\",\"url\":\"https:\\\/\\\/autopot-france.com\\\/specialiste\\\/all-products\\\/tous-les-engrais\\\/les-engrais\\\/biotabs\\\/biotabs-starter-pack\\\/\",\"name\":\"BioTabs Starter Pack - Syst\u00e8mes d&#039;arrosage AutoPot France\",\"isPartOf\":{\"@id\":\"https:\\\/\\\/autopot-france.com\\\/specialiste\\\/#website\"},\"primaryImageOfPage\":{\"@id\":\"https:\\\/\\\/autopot-france.com\\\/specialiste\\\/all-products\\\/tous-les-engrais\\\/les-engrais\\\/biotabs\\\/biotabs-starter-pack\\\/#primaryimage\"},\"image\":{\"@id\":\"https:\\\/\\\/autopot-france.com\\\/specialiste\\\/all-products\\\/tous-les-engrais\\\/les-engrais\\\/biotabs\\\/biotabs-starter-pack\\\/#primaryimage\"},\"thumbnailUrl\":\"https:\\\/\\\/autopot-france.com\\\/specialiste\\\/wp-content\\\/uploads\\\/sites\\\/3\\\/2020\\\/12\\\/biotabs-open-box.jpg\",\"datePublished\":\"2020-10-10T10:15:26+00:00\",\"dateModified\":\"2023-10-25T09:27:38+00:00\",\"description\":\"The BioTabs Starter Pack contains enough fertiliser to feed 5 plants from propagation all the way through to harvest. Simply mix the organic fertiliser\",\"breadcrumb\":{\"@id\":\"https:\\\/\\\/autopot-france.com\\\/specialiste\\\/all-products\\\/tous-les-engrais\\\/les-engrais\\\/biotabs\\\/biotabs-starter-pack\\\/#breadcrumb\"},\"inLanguage\":\"fr-FR\",\"potentialAction\":[{\"@type\":\"ReadAction\",\"target\":[\"https:\\\/\\\/autopot-france.com\\\/specialiste\\\/all-products\\\/tous-les-engrais\\\/les-engrais\\\/biotabs\\\/biotabs-starter-pack\\\/\"]}]},{\"@type\":\"ImageObject\",\"inLanguage\":\"fr-FR\",\"@id\":\"https:\\\/\\\/autopot-france.com\\\/specialiste\\\/all-products\\\/tous-les-engrais\\\/les-engrais\\\/biotabs\\\/biotabs-starter-pack\\\/#primaryimage\",\"url\":\"https:\\\/\\\/autopot-france.com\\\/specialiste\\\/wp-content\\\/uploads\\\/sites\\\/3\\\/2020\\\/12\\\/biotabs-open-box.jpg\",\"contentUrl\":\"https:\\\/\\\/autopot-france.com\\\/specialiste\\\/wp-content\\\/uploads\\\/sites\\\/3\\\/2020\\\/12\\\/biotabs-open-box.jpg\",\"width\":480,\"height\":493},{\"@type\":\"BreadcrumbList\",\"@id\":\"https:\\\/\\\/autopot-france.com\\\/specialiste\\\/all-products\\\/tous-les-engrais\\\/les-engrais\\\/biotabs\\\/biotabs-starter-pack\\\/#breadcrumb\",\"itemListElement\":[{\"@type\":\"ListItem\",\"position\":1,\"name\":\"Home\",\"item\":\"https:\\\/\\\/autopot-france.com\\\/specialiste\\\/\"},{\"@type\":\"ListItem\",\"position\":2,\"name\":\"Tous les produits\",\"item\":\"https:\\\/\\\/autopot-france.com\\\/specialiste\\\/tous-les-produits\\\/\"},{\"@type\":\"ListItem\",\"position\":3,\"name\":\"BioTabs Starter Pack\"}]},{\"@type\":\"WebSite\",\"@id\":\"https:\\\/\\\/autopot-france.com\\\/specialiste\\\/#website\",\"url\":\"https:\\\/\\\/autopot-france.com\\\/specialiste\\\/\",\"name\":\"Syst\u00e8mes d&#039;arrosage AutoPot France\",\"description\":\"Syst\u00e8mes d&#039;arrosage commerciaux, domestiques, ext\u00e9rieurs, de serre, d&#039;int\u00e9rieur et de terrain\",\"potentialAction\":[{\"@type\":\"SearchAction\",\"target\":{\"@type\":\"EntryPoint\",\"urlTemplate\":\"https:\\\/\\\/autopot-france.com\\\/specialiste\\\/?s={search_term_string}\"},\"query-input\":{\"@type\":\"PropertyValueSpecification\",\"valueRequired\":true,\"valueName\":\"search_term_string\"}}],\"inLanguage\":\"fr-FR\"}]}<\/script>\n<!-- \/ Yoast SEO Premium plugin. -->","yoast_head_json":{"title":"BioTabs Starter Pack - Syst\u00e8mes d&#039;arrosage AutoPot France","description":"The BioTabs Starter Pack contains enough fertiliser to feed 5 plants from propagation all the way through to harvest. Simply mix the organic fertiliser","robots":{"index":"index","follow":"follow","max-snippet":"max-snippet:-1","max-image-preview":"max-image-preview:large","max-video-preview":"max-video-preview:-1"},"canonical":"https:\/\/autopot-france.com\/specialiste\/all-products\/tous-les-engrais\/les-engrais\/biotabs\/biotabs-starter-pack\/","og_locale":"fr_FR","og_type":"article","og_title":"BioTabs Starter Pack","og_description":"The BioTabs Starter Pack contains enough fertiliser to feed 5 plants from propagation all the way through to harvest. Simply mix the organic fertiliser","og_url":"https:\/\/autopot-france.com\/specialiste\/all-products\/tous-les-engrais\/les-engrais\/biotabs\/biotabs-starter-pack\/","og_site_name":"Syst\u00e8mes d&#039;arrosage AutoPot France","article_modified_time":"2023-10-25T09:27:38+00:00","og_image":[{"width":480,"height":493,"url":"https:\/\/autopot-france.com\/specialiste\/wp-content\/uploads\/sites\/3\/2020\/12\/biotabs-open-box.jpg","type":"image\/jpeg"}],"twitter_card":"summary_large_image","twitter_misc":{"Dur\u00e9e de lecture estim\u00e9e":"1 minute"},"schema":{"@context":"https:\/\/schema.org","@graph":[{"@type":"WebPage","@id":"https:\/\/autopot-france.com\/specialiste\/all-products\/tous-les-engrais\/les-engrais\/biotabs\/biotabs-starter-pack\/","url":"https:\/\/autopot-france.com\/specialiste\/all-products\/tous-les-engrais\/les-engrais\/biotabs\/biotabs-starter-pack\/","name":"BioTabs Starter Pack - Syst\u00e8mes d&#039;arrosage AutoPot France","isPartOf":{"@id":"https:\/\/autopot-france.com\/specialiste\/#website"},"primaryImageOfPage":{"@id":"https:\/\/autopot-france.com\/specialiste\/all-products\/tous-les-engrais\/les-engrais\/biotabs\/biotabs-starter-pack\/#primaryimage"},"image":{"@id":"https:\/\/autopot-france.com\/specialiste\/all-products\/tous-les-engrais\/les-engrais\/biotabs\/biotabs-starter-pack\/#primaryimage"},"thumbnailUrl":"https:\/\/autopot-france.com\/specialiste\/wp-content\/uploads\/sites\/3\/2020\/12\/biotabs-open-box.jpg","datePublished":"2020-10-10T10:15:26+00:00","dateModified":"2023-10-25T09:27:38+00:00","description":"The BioTabs Starter Pack contains enough fertiliser to feed 5 plants from propagation all the way through to harvest. Simply mix the organic fertiliser","breadcrumb":{"@id":"https:\/\/autopot-france.com\/specialiste\/all-products\/tous-les-engrais\/les-engrais\/biotabs\/biotabs-starter-pack\/#breadcrumb"},"inLanguage":"fr-FR","potentialAction":[{"@type":"ReadAction","target":["https:\/\/autopot-france.com\/specialiste\/all-products\/tous-les-engrais\/les-engrais\/biotabs\/biotabs-starter-pack\/"]}]},{"@type":"ImageObject","inLanguage":"fr-FR","@id":"https:\/\/autopot-france.com\/specialiste\/all-products\/tous-les-engrais\/les-engrais\/biotabs\/biotabs-starter-pack\/#primaryimage","url":"https:\/\/autopot-france.com\/specialiste\/wp-content\/uploads\/sites\/3\/2020\/12\/biotabs-open-box.jpg","contentUrl":"https:\/\/autopot-france.com\/specialiste\/wp-content\/uploads\/sites\/3\/2020\/12\/biotabs-open-box.jpg","width":480,"height":493},{"@type":"BreadcrumbList","@id":"https:\/\/autopot-france.com\/specialiste\/all-products\/tous-les-engrais\/les-engrais\/biotabs\/biotabs-starter-pack\/#breadcrumb","itemListElement":[{"@type":"ListItem","position":1,"name":"Home","item":"https:\/\/autopot-france.com\/specialiste\/"},{"@type":"ListItem","position":2,"name":"Tous les produits","item":"https:\/\/autopot-france.com\/specialiste\/tous-les-produits\/"},{"@type":"ListItem","position":3,"name":"BioTabs Starter Pack"}]},{"@type":"WebSite","@id":"https:\/\/autopot-france.com\/specialiste\/#website","url":"https:\/\/autopot-france.com\/specialiste\/","name":"Syst\u00e8mes d&#039;arrosage AutoPot France","description":"Syst\u00e8mes d&#039;arrosage commerciaux, domestiques, ext\u00e9rieurs, de serre, d&#039;int\u00e9rieur et de terrain","potentialAction":[{"@type":"SearchAction","target":{"@type":"EntryPoint","urlTemplate":"https:\/\/autopot-france.com\/specialiste\/?s={search_term_string}"},"query-input":{"@type":"PropertyValueSpecification","valueRequired":true,"valueName":"search_term_string"}}],"inLanguage":"fr-FR"}]}},"jetpack_sharing_enabled":true,"_links":{"self":[{"href":"https:\/\/autopot-france.com\/specialiste\/wp-json\/wp\/v2\/product\/273","targetHints":{"allow":["GET"]}}],"collection":[{"href":"https:\/\/autopot-france.com\/specialiste\/wp-json\/wp\/v2\/product"}],"about":[{"href":"https:\/\/autopot-france.com\/specialiste\/wp-json\/wp\/v2\/types\/product"}],"replies":[{"embeddable":true,"href":"https:\/\/autopot-france.com\/specialiste\/wp-json\/wp\/v2\/comments?post=273"}],"wp:featuredmedia":[{"embeddable":true,"href":"https:\/\/autopot-france.com\/specialiste\/wp-json\/wp\/v2\/media\/56603"}],"wp:attachment":[{"href":"https:\/\/autopot-france.com\/specialiste\/wp-json\/wp\/v2\/media?parent=273"}],"wp:term":[{"taxonomy":"product_brand","embeddable":true,"href":"https:\/\/autopot-france.com\/specialiste\/wp-json\/wp\/v2\/product_brand?post=273"},{"taxonomy":"product_cat","embeddable":true,"href":"https:\/\/autopot-france.com\/specialiste\/wp-json\/wp\/v2\/product_cat?post=273"},{"taxonomy":"product_tag","embeddable":true,"href":"https:\/\/autopot-france.com\/specialiste\/wp-json\/wp\/v2\/product_tag?post=273"}],"curies":[{"name":"wp","href":"https:\/\/api.w.org\/{rel}","templated":true}]}}